{"id":5138,"date":"2025-08-09T09:46:10","date_gmt":"2025-08-09T07:46:10","guid":{"rendered":"https:\/\/www.axiom-genetics.com\/our-products\/pietrain-nn\/"},"modified":"2025-08-25T09:01:13","modified_gmt":"2025-08-25T07:01:13","slug":"pietrain-nn","status":"publish","type":"page","link":"https:\/\/www.axiom-genetics.com\/en\/our-products\/pietrain-nn\/","title":{"rendered":"Pi\u00e9train NN"},"content":{"rendered":"<p>[et_pb_section fb_built=&#8221;1&#8243; custom_padding_last_edited=&#8221;on|tablet&#8221; _builder_version=&#8221;4.27.4&#8243; _module_preset=&#8221;default&#8221; background_color=&#8221;gcid-secondary-color&#8221; custom_margin=&#8221;0px||0px||true|false&#8221; custom_padding=&#8221;20px||0px||false|false&#8221; custom_padding_tablet=&#8221;50px||||false|false&#8221; custom_padding_phone=&#8221;50px||||false|false&#8221; saved_tabs=&#8221;all&#8221; global_colors_info=&#8221;{%22gcid-secondary-color%22:%91%22background_color%22%93}&#8221;][et_pb_row _builder_version=&#8221;4.27.4&#8243; _module_preset=&#8221;default&#8221; custom_margin=&#8221;0px||0px||true|false&#8221; global_colors_info=&#8221;{}&#8221;][et_pb_column type=&#8221;4_4&#8243; _builder_version=&#8221;4.27.4&#8243; _module_preset=&#8221;default&#8221; global_colors_info=&#8221;{}&#8221;][et_pb_button button_url=&#8221;https:\/\/www.axiom-genetics.com\/en\/our-products\/#cochettes&#8221; button_text=&#8221;Back to all products&#8221; _builder_version=&#8221;4.27.4&#8243; _module_preset=&#8221;4318f46b-d8dd-4a4a-a6d1-63cd52e54249&#8243; custom_margin=&#8221;||0px|20px|false|false&#8221; custom_margin_last_edited=&#8221;off|desktop&#8221; global_module=&#8221;4878&#8243; saved_tabs=&#8221;all&#8221; global_colors_info=&#8221;{%22gcid-9d50e43e-412b-440e-b490-0c4ed3d5243e%22:%91%22button_text_color%22%93}&#8221;][\/et_pb_button][\/et_pb_column][\/et_pb_row][\/et_pb_section][et_pb_section fb_built=&#8221;1&#8243; specialty=&#8221;on&#8221; padding_2_tablet=&#8221;&#8221; padding_2_phone=&#8221;0px||||false|false&#8221; padding_2_last_edited=&#8221;on|phone&#8221; _builder_version=&#8221;4.27.4&#8243; _module_preset=&#8221;026da4d0-a973-4c5f-b7f5-8dc9be31a83c&#8221; global_colors_info=&#8221;{}&#8221;][et_pb_column type=&#8221;1_2&#8243; _builder_version=&#8221;4.16&#8243; custom_padding=&#8221;|||&#8221; global_colors_info=&#8221;{}&#8221; custom_padding__hover=&#8221;|||&#8221;][et_pb_image src=&#8221;https:\/\/www.axiom-genetics.com\/wp-content\/uploads\/2025\/07\/male-black.svg&#8221; admin_label=&#8221;picto&#8221; _builder_version=&#8221;4.27.4&#8243; _module_preset=&#8221;58970ac7-6f76-4f58-a6d1-feca086ccaa9&#8243; global_colors_info=&#8221;{}&#8221;][\/et_pb_image][et_pb_image src=&#8221;https:\/\/www.axiom-genetics.com\/wp-content\/uploads\/2025\/08\/Pietrainnn.webp&#8221; alt=&#8221;Pietrain nn Axiom&#8221; _builder_version=&#8221;4.27.4&#8243; _module_preset=&#8221;d8e0fcfe-4b9e-4000-b824-89db1b1d6244&#8243; global_colors_info=&#8221;{}&#8221;][\/et_pb_image][et_pb_image src=&#8221;https:\/\/www.axiom-genetics.com\/wp-content\/uploads\/2025\/07\/separateur.svg&#8221; _builder_version=&#8221;4.27.4&#8243; _module_preset=&#8221;f17c3927-db6c-406f-b37a-299cdfd1de6b&#8221; global_colors_info=&#8221;{}&#8221;][\/et_pb_image][\/et_pb_column][et_pb_column type=&#8221;1_2&#8243; specialty_columns=&#8221;2&#8243; _builder_version=&#8221;4.16&#8243; custom_padding=&#8221;|||&#8221; global_colors_info=&#8221;{}&#8221; custom_padding__hover=&#8221;|||&#8221;][et_pb_row_inner _builder_version=&#8221;4.27.4&#8243; _module_preset=&#8221;27ef54b5-822a-40c6-aba4-8a2b48d03d64&#8243; global_colors_info=&#8221;{}&#8221;][et_pb_column_inner saved_specialty_column_type=&#8221;1_2&#8243; _builder_version=&#8221;4.27.4&#8243; _module_preset=&#8221;default&#8221; global_colors_info=&#8221;{}&#8221;][et_pb_text _builder_version=&#8221;4.27.4&#8243; _module_preset=&#8221;e8d264c4-a00e-443b-a8c1-7c6c6d3d6b87&#8243; global_colors_info=&#8221;{}&#8221;]<\/p>\n<h1>Pi\u00e9train NN<\/h1>\n<p>[\/et_pb_text][et_pb_text _builder_version=&#8221;4.27.4&#8243; _module_preset=&#8221;c46491b7-e76f-46b2-9b95-eae049ffba82&#8243; global_colors_info=&#8221;{}&#8221;]<\/p>\n<h2>Efficient growth<\/h2>\n<p>[\/et_pb_text][\/et_pb_column_inner][\/et_pb_row_inner][et_pb_row_inner column_structure=&#8221;1_2,1_2&#8243; _builder_version=&#8221;4.27.4&#8243; _module_preset=&#8221;e9ca489b-be32-4cbb-9bfc-6b5e9eb4024c&#8221; global_colors_info=&#8221;{}&#8221;][et_pb_column_inner type=&#8221;1_2&#8243; saved_specialty_column_type=&#8221;1_2&#8243; _builder_version=&#8221;4.27.4&#8243; _module_preset=&#8221;default&#8221; global_colors_info=&#8221;{}&#8221;][et_pb_button button_url=&#8221;@ET-DC@eyJkeW5hbWljIjp0cnVlLCJjb250ZW50IjoicG9zdF9saW5rX3VybF9hdHRhY2htZW50Iiwic2V0dGluZ3MiOnsicG9zdF9pZCI6IjU1MjgifX0=@&#8221; url_new_window=&#8221;on&#8221; button_text=&#8221;Product sheet&#8221; _builder_version=&#8221;4.27.4&#8243; _dynamic_attributes=&#8221;button_url&#8221; _module_preset=&#8221;5b5ac20e-57a6-43ec-86c2-7139f713e50e&#8221; hover_enabled=&#8221;0&#8243; global_colors_info=&#8221;{}&#8221; sticky_enabled=&#8221;0&#8243;][\/et_pb_button][\/et_pb_column_inner][et_pb_column_inner type=&#8221;1_2&#8243; saved_specialty_column_type=&#8221;1_2&#8243; _builder_version=&#8221;4.27.4&#8243; _module_preset=&#8221;default&#8221; global_colors_info=&#8221;{}&#8221;][et_pb_button button_url=&#8221;@ET-DC@eyJkeW5hbWljIjp0cnVlLCJjb250ZW50IjoicG9zdF9saW5rX3VybF9wYWdlIiwic2V0dGluZ3MiOnsicG9zdF9pZCI6Ijg0NCJ9fQ==@&#8221; button_text=&#8221;Contact us&#8221; _builder_version=&#8221;4.27.4&#8243; _dynamic_attributes=&#8221;button_url&#8221; _module_preset=&#8221;989a412d-5bfa-4607-aca6-56ab0cac0a42&#8243; global_colors_info=&#8221;{}&#8221;][\/et_pb_button][\/et_pb_column_inner][\/et_pb_row_inner][et_pb_row_inner _builder_version=&#8221;4.27.4&#8243; _module_preset=&#8221;74ebc619-5140-4286-86c9-f31fe2109764&#8243; global_colors_info=&#8221;{}&#8221;][et_pb_column_inner saved_specialty_column_type=&#8221;1_2&#8243; _builder_version=&#8221;4.27.4&#8243; _module_preset=&#8221;default&#8221; global_colors_info=&#8221;{}&#8221;][et_pb_text _builder_version=&#8221;4.27.4&#8243; _module_preset=&#8221;573612d8-6c97-44f3-a8f1-208d15cdda2e&#8221; global_colors_info=&#8221;{}&#8221;]Selected for over 30 years for its high lean gain and growth, Axiom Pi\u00e9train NN ensures a good level of vigour at birth and high meat quality.[\/et_pb_text][et_pb_image src=&#8221;https:\/\/www.axiom-genetics.com\/wp-content\/uploads\/2025\/07\/separateur.svg&#8221; _builder_version=&#8221;4.27.4&#8243; _module_preset=&#8221;373eb8b8-3b4f-4aa3-a762-a255b4fc54f4&#8243; global_colors_info=&#8221;{}&#8221;][\/et_pb_image][\/et_pb_column_inner][\/et_pb_row_inner][\/et_pb_column][\/et_pb_section][et_pb_section fb_built=&#8221;1&#8243; _builder_version=&#8221;4.27.4&#8243; _module_preset=&#8221;58236904-f61b-49c2-a0d8-f890ac540c4e&#8221; global_colors_info=&#8221;{}&#8221;][et_pb_row column_structure=&#8221;1_2,1_2&#8243; _builder_version=&#8221;4.27.4&#8243; _module_preset=&#8221;2d6ae335-cda9-43ae-9aa8-8878ef5c42dd&#8221; global_colors_info=&#8221;{}&#8221;][et_pb_column type=&#8221;1_2&#8243; _builder_version=&#8221;4.27.4&#8243; _module_preset=&#8221;default&#8221; custom_padding=&#8221;|5%|||false|false&#8221; custom_padding_tablet=&#8221;|0%|||false|false&#8221; custom_padding_phone=&#8221;|0%|||false|false&#8221; custom_padding_last_edited=&#8221;on|tablet&#8221; global_colors_info=&#8221;{}&#8221;][et_pb_text _builder_version=&#8221;4.27.4&#8243; _module_preset=&#8221;2a7f93cc-cf18-4c2f-90ef-7a6166945bf4&#8243; global_colors_info=&#8221;{}&#8221;]<\/p>\n<h2><span style=\"color: #01a996;\">Axiom Pi\u00e9train offers <\/span> high growth potential for producing uniform pigs<\/h2>\n<p>[\/et_pb_text][et_pb_blurb title=&#8221;Growth&#8221; image=&#8221;https:\/\/www.axiom-genetics.com\/wp-content\/uploads\/2025\/08\/Croissance.svg&#8221; _builder_version=&#8221;4.27.4&#8243; _module_preset=&#8221;02263a50-a4f0-4e09-a829-a49d0a03803d&#8221; global_colors_info=&#8221;{}&#8221;]High ADG potential[\/et_pb_blurb][et_pb_blurb title=&#8221;Carcass&#8221; image=&#8221;https:\/\/www.axiom-genetics.com\/wp-content\/uploads\/2025\/08\/Jambon-padding.svg&#8221; _builder_version=&#8221;4.27.4&#8243; _module_preset=&#8221;02263a50-a4f0-4e09-a829-a49d0a03803d&#8221; global_colors_info=&#8221;{}&#8221;]Very good LMP<br \/>\nUniform and conformed pigs[\/et_pb_blurb][et_pb_blurb title=&#8221;Good vigour at birth&#8221; image=&#8221;https:\/\/www.axiom-genetics.com\/wp-content\/uploads\/2025\/08\/Porcelet-Vitalite-padding.svg&#8221; _builder_version=&#8221;4.27.4&#8243; _module_preset=&#8221;02263a50-a4f0-4e09-a829-a49d0a03803d&#8221; global_colors_info=&#8221;{}&#8221;][\/et_pb_blurb][et_pb_blurb title=&#8221;Meat quality&#8221; image=&#8221;https:\/\/www.axiom-genetics.com\/wp-content\/uploads\/2025\/08\/steack-tour.svg&#8221; _builder_version=&#8221;4.27.4&#8243; _module_preset=&#8221;02263a50-a4f0-4e09-a829-a49d0a03803d&#8221; global_colors_info=&#8221;{}&#8221;]Good for certified pig production[\/et_pb_blurb][\/et_pb_column][et_pb_column type=&#8221;1_2&#8243; _builder_version=&#8221;4.27.4&#8243; _module_preset=&#8221;default&#8221; global_colors_info=&#8221;{}&#8221;][et_pb_image src=&#8221;https:\/\/www.axiom-genetics.com\/wp-content\/uploads\/2025\/08\/verrats-pietrain-NN.webp&#8221; alt=&#8221;verrats pietrain NN&#8221; _builder_version=&#8221;4.27.4&#8243; _module_preset=&#8221;1636c56f-e97f-4c54-9543-9a620fa8540d&#8221; global_colors_info=&#8221;{}&#8221;][\/et_pb_image][et_pb_text _builder_version=&#8221;4.27.4&#8243; _module_preset=&#8221;0f91b720-8509-45bf-96fb-dbda2d2a10a3&#8243; global_colors_info=&#8221;{%22gcid-primary-color%22:%91%22header_3_text_color%22%93}&#8221;]<\/p>\n<h3>Axiom Pi\u00e9train NN:<\/h3>\n<p>[\/et_pb_text][et_pb_blurb title=&#8221;Suitable for the standard market&#8221; image=&#8221;https:\/\/www.axiom-genetics.com\/wp-content\/uploads\/2025\/08\/Fichier-2710.svg&#8221; _builder_version=&#8221;4.27.4&#8243; _module_preset=&#8221;e10f65bd-176f-4764-afe5-d680481a3d1d&#8221; global_colors_info=&#8221;{}&#8221;][\/et_pb_blurb][et_pb_blurb title=&#8221;Suitable for the whole male market&#8221; image=&#8221;https:\/\/www.axiom-genetics.com\/wp-content\/uploads\/2025\/08\/Fichier-2750.svg&#8221; _builder_version=&#8221;4.27.4&#8243; _module_preset=&#8221;e10f65bd-176f-4764-afe5-d680481a3d1d&#8221; global_colors_info=&#8221;{}&#8221;][\/et_pb_blurb][et_pb_blurb title=&#8221;Certified 99% odorless&#8221; image=&#8221;https:\/\/www.axiom-genetics.com\/wp-content\/uploads\/2025\/08\/Fichier-2731.svg&#8221; module_class=&#8221;op-blurb&#8221; _builder_version=&#8221;4.27.4&#8243; _module_preset=&#8221;be18f317-d5fd-466c-853b-646707d785fe&#8221; global_colors_info=&#8221;{}&#8221;][\/et_pb_blurb][\/et_pb_column][\/et_pb_row][\/et_pb_section][et_pb_section fb_built=&#8221;1&#8243; disabled_on=&#8221;on|on|on&#8221; _builder_version=&#8221;4.27.4&#8243; _module_preset=&#8221;e75652d1-8f3c-4ef9-9434-7a5894d22250&#8243; background_color_gradient_stops=&#8221;gcid-92728a19-9efe-442c-ab9f-73578acc3b35 50%|#ffffff 100%&#8221; disabled=&#8221;on&#8221; saved_tabs=&#8221;all&#8221; global_colors_info=&#8221;{}&#8221;][et_pb_row column_structure=&#8221;1_2,1_2&#8243; make_equal=&#8221;on&#8221; _builder_version=&#8221;4.27.4&#8243; _module_preset=&#8221;default&#8221; background_enable_color=&#8221;off&#8221; use_background_color_gradient=&#8221;on&#8221; background_color_gradient_type=&#8221;circular&#8221; background_color_gradient_direction_radial=&#8221;bottom left&#8221; background_color_gradient_stops=&#8221;#01a996 0%|#182042 33%&#8221; custom_padding=&#8221;50px|5%|50px|7%|true|false&#8221; custom_css_main_element=&#8221;align-items: center;&#8221; border_radii=&#8221;on|10px|10px|10px|10px&#8221; global_colors_info=&#8221;{%22gcid-secondary-color%22:%91%22background_color%22,%22background_color_gradient_stops%22%93,%22gcid-primary-color%22:%91%22background_color_gradient_stops%22%93}&#8221;][et_pb_column type=&#8221;1_2&#8243; _builder_version=&#8221;4.27.4&#8243; _module_preset=&#8221;default&#8221; global_colors_info=&#8221;{}&#8221;][et_pb_image src=&#8221;https:\/\/www.axiom-genetics.com\/wp-content\/uploads\/2025\/07\/imagene.svg&#8221; title_text=&#8221;imagene&#8221; _builder_version=&#8221;4.27.4&#8243; _module_preset=&#8221;default&#8221; max_width=&#8221;332px&#8221; module_alignment=&#8221;left&#8221; global_colors_info=&#8221;{}&#8221;][\/et_pb_image][\/et_pb_column][et_pb_column type=&#8221;1_2&#8243; _builder_version=&#8221;4.27.4&#8243; _module_preset=&#8221;default&#8221; global_colors_info=&#8221;{}&#8221;][et_pb_text _builder_version=&#8221;4.27.4&#8243; _module_preset=&#8221;default&#8221; text_font=&#8221;||||||||&#8221; text_text_color=&#8221;#FFFFFF&#8221; text_font_size=&#8221;30px&#8221; text_line_height=&#8221;1.2em&#8221; custom_margin=&#8221;||10px||false|false&#8221; custom_css_main_element=&#8221;font-weight: 500;&#8221; global_colors_info=&#8221;{}&#8221;]<\/p>\n<p>Notre nouvelle offre auto-renouvellement<\/p>\n<p>[\/et_pb_text][et_pb_text _builder_version=&#8221;4.27.4&#8243; _module_preset=&#8221;default&#8221; text_text_color=&#8221;#FFFFFF&#8221; global_colors_info=&#8221;{}&#8221;]<\/p>\n<p>la solution axiom efficace pour assurer la qualit\u00e9 de votre troupeau et la rentabilit\u00e9 de votre \u00e9levage.<\/p>\n<p>[\/et_pb_text][et_pb_button button_text=&#8221;En savoir +&#8221; _builder_version=&#8221;4.27.4&#8243; _module_preset=&#8221;default&#8221; global_colors_info=&#8221;{}&#8221;][\/et_pb_button][\/et_pb_column][\/et_pb_row][\/et_pb_section][et_pb_section fb_built=&#8221;1&#8243; disabled_on=&#8221;on|on|on&#8221; _builder_version=&#8221;4.27.4&#8243; _module_preset=&#8221;091f8daa-80ff-4b38-a4b5-a987a75d36bc&#8221; disabled=&#8221;on&#8221; global_colors_info=&#8221;{}&#8221;][et_pb_row _builder_version=&#8221;4.27.4&#8243; _module_preset=&#8221;9ca6ecd3-d39b-4b12-8fa2-c61a617e249a&#8221; global_colors_info=&#8221;{}&#8221;][et_pb_column type=&#8221;4_4&#8243; _builder_version=&#8221;4.27.4&#8243; _module_preset=&#8221;default&#8221; global_colors_info=&#8221;{}&#8221;][et_pb_text _builder_version=&#8221;4.27.4&#8243; _module_preset=&#8221;e5049aeb-3930-4782-b2fa-86c7b0877b1f&#8221; global_colors_info=&#8221;{}&#8221;]<\/p>\n<h2><strong>Le Pi\u00e9train Axiom NN\u00a0<\/strong> s&#8217;illustre dans :<\/h2>\n<p>[\/et_pb_text][et_pb_code _builder_version=&#8221;4.27.4&#8243; _module_preset=&#8221;ff90d1f5-34e4-4516-9172-a15112f1355b&#8221; global_colors_info=&#8221;{}&#8221;]<!-- Gridbuilder \u1d42\u1d3e Plugin (https:\/\/wpgridbuilder.com) -->\n<div class=\"wp-grid-builder wpgb-grid-12\" data-options=\"{&quot;id&quot;:12,&quot;type&quot;:&quot;masonry&quot;,&quot;source&quot;:&quot;post_type&quot;,&quot;loader&quot;:false,&quot;layout&quot;:&quot;vertical&quot;,&quot;reveal&quot;:0,&quot;isMainQuery&quot;:0,&quot;lazyLoad&quot;:false,&quot;cardSizes&quot;:{&quot;9999&quot;:{&quot;columns&quot;:2,&quot;height&quot;:240,&quot;gutter&quot;:16,&quot;ratio&quot;:&quot;1.33333&quot;},&quot;1280&quot;:{&quot;columns&quot;:2,&quot;height&quot;:220,&quot;gutter&quot;:16,&quot;ratio&quot;:&quot;1.33333&quot;},&quot;1024&quot;:{&quot;columns&quot;:2,&quot;height&quot;:200,&quot;gutter&quot;:50,&quot;ratio&quot;:&quot;1.33333&quot;},&quot;640&quot;:{&quot;columns&quot;:1,&quot;height&quot;:200,&quot;gutter&quot;:70,&quot;ratio&quot;:&quot;1.33333&quot;}},&quot;fitRows&quot;:false,&quot;equalRows&quot;:0,&quot;equalColumns&quot;:false,&quot;fillLastRow&quot;:0,&quot;centerLastRow&quot;:0,&quot;horizontalOrder&quot;:false,&quot;fullWidth&quot;:false,&quot;transitionDelay&quot;:100,&quot;gallerySlideshow&quot;:false,&quot;rowsNumber&quot;:1,&quot;slideAlign&quot;:&quot;left&quot;,&quot;groupCells&quot;:1,&quot;draggable&quot;:true,&quot;initialIndex&quot;:0,&quot;contain&quot;:false,&quot;freeScroll&quot;:false,&quot;freeFriction&quot;:&quot;0.075&quot;,&quot;friction&quot;:&quot;0.285&quot;,&quot;attraction&quot;:&quot;0.025&quot;,&quot;autoPlay&quot;:0,&quot;pageDotAriaLabel&quot;:&quot;Page dot %d&quot;,&quot;isPreview&quot;:false,&quot;isGutenberg&quot;:false,&quot;rightToLeft&quot;:false}\"><div class=\"wpgb-svg-icons\" hidden>\n\t<svg viewBox=\"0 0 120 24\" width=\"0\" height=\"0\">\n\t<defs>\n        <polygon id=\"wpgb-star-svg\" points=\"12 2.5 15.1 8.8 22 9.8 17 14.6 18.2 21.5 12 18.3 5.8 21.5 7 14.6 2 9.8 8.9 8.8\"><\/polygon>\n    <\/defs>\n    <symbol id=\"wpgb-rating-stars-svg\">\n        <use xlink:href=\"#wpgb-star-svg\"><\/use>\n        <use xlink:href=\"#wpgb-star-svg\" x=\"24\"><\/use>\n        <use xlink:href=\"#wpgb-star-svg\" x=\"48\"><\/use>\n        <use xlink:href=\"#wpgb-star-svg\" x=\"72\"><\/use>\n        <use xlink:href=\"#wpgb-star-svg\" x=\"96\"><\/use>\n    <\/symbol>\n<\/svg>\n<\/div>\n<div class=\"wpgb-wrapper\">\n\t<div class=\"wpgb-main\">\n\t<div class=\"wpgb-layout\">\n\t<div class=\"wpgb-viewport\">\n\t\t<div class=\"wpgb-masonry\">\n\t\t\t<div class=\"wpgb-card wpgb-no-result\" data-col=\"12\" data-row=\"1\">\n\t<div class=\"wpgb-card-wrapper\">\n\t\tSorry, no content found.\t<\/div>\n<\/div>\n\t\t<\/div>\n\t<\/div>\n\t<\/div>\n\t<\/div>\n\t\t<\/div>\n<\/div>\n[\/et_pb_code][\/et_pb_column][\/et_pb_row][\/et_pb_section]<\/p>\n","protected":false},"excerpt":{"rendered":"<p>Pi\u00e9train NNEfficient growthSelected for over 30 years for its high lean gain and growth, Axiom Pi\u00e9train NN ensures a good level of vigour at birth and high meat quality.Axiom Pi\u00e9train offers high growth potential for producing uniform pigsHigh ADG potentialVery good LMP Uniform and conformed pigsGood for certified pig productionAxiom Pi\u00e9train NN:Notre nouvelle offre auto-renouvellementla [&hellip;]<\/p>\n","protected":false},"author":1,"featured_media":0,"parent":4818,"menu_order":0,"comment_status":"closed","ping_status":"closed","template":"","meta":{"_acf_changed":false,"_et_pb_use_builder":"on","_et_pb_old_content":"<!-- wp:divi\/placeholder \/-->","_et_gb_content_width":"","footnotes":""},"dipi_cpt_category":[],"class_list":["post-5138","page","type-page","status-publish","hentry"],"acf":[],"yoast_head":"<!-- This site is optimized with the Yoast SEO plugin v27.4 - https:\/\/yoast.com\/product\/yoast-seo-wordpress\/ -->\n<title>Pi\u00e9train NN - Axiom Genetics<\/title>\n<meta name=\"robots\" content=\"index, follow, max-snippet:-1, max-image-preview:large, max-video-preview:-1\" \/>\n<link rel=\"canonical\" href=\"https:\/\/www.axiom-genetics.com\/en\/our-products\/pietrain-nn\/\" \/>\n<meta property=\"og:locale\" content=\"en_US\" \/>\n<meta property=\"og:type\" content=\"article\" \/>\n<meta property=\"og:title\" content=\"Pi\u00e9train NN - Axiom Genetics\" \/>\n<meta property=\"og:description\" content=\"Pi\u00e9train NNEfficient growthSelected for over 30 years for its high lean gain and growth, Axiom Pi\u00e9train NN ensures a good level of vigour at birth and high meat quality.Axiom Pi\u00e9train offers high growth potential for producing uniform pigsHigh ADG potentialVery good LMP Uniform and conformed pigsGood for certified pig productionAxiom Pi\u00e9train NN:Notre nouvelle offre auto-renouvellementla [&hellip;]\" \/>\n<meta property=\"og:url\" content=\"https:\/\/www.axiom-genetics.com\/en\/our-products\/pietrain-nn\/\" \/>\n<meta property=\"og:site_name\" content=\"Axiom Genetics\" \/>\n<meta property=\"article:publisher\" content=\"https:\/\/www.facebook.com\/p\/Axiom-France-100064379400783\/\" \/>\n<meta property=\"article:modified_time\" content=\"2025-08-25T07:01:13+00:00\" \/>\n<meta name=\"twitter:card\" content=\"summary_large_image\" \/>\n<meta name=\"twitter:label1\" content=\"Est. reading time\" \/>\n\t<meta name=\"twitter:data1\" content=\"2 minutes\" \/>\n<script type=\"application\/ld+json\" class=\"yoast-schema-graph\">{\"@context\":\"https:\\\/\\\/schema.org\",\"@graph\":[{\"@type\":\"WebPage\",\"@id\":\"https:\\\/\\\/www.axiom-genetics.com\\\/en\\\/our-products\\\/pietrain-nn\\\/\",\"url\":\"https:\\\/\\\/www.axiom-genetics.com\\\/en\\\/our-products\\\/pietrain-nn\\\/\",\"name\":\"Pi\u00e9train NN - Axiom Genetics\",\"isPartOf\":{\"@id\":\"https:\\\/\\\/www.axiom-genetics.com\\\/en\\\/#website\"},\"datePublished\":\"2025-08-09T07:46:10+00:00\",\"dateModified\":\"2025-08-25T07:01:13+00:00\",\"breadcrumb\":{\"@id\":\"https:\\\/\\\/www.axiom-genetics.com\\\/en\\\/our-products\\\/pietrain-nn\\\/#breadcrumb\"},\"inLanguage\":\"en-US\",\"potentialAction\":[{\"@type\":\"ReadAction\",\"target\":[\"https:\\\/\\\/www.axiom-genetics.com\\\/en\\\/our-products\\\/pietrain-nn\\\/\"]}]},{\"@type\":\"BreadcrumbList\",\"@id\":\"https:\\\/\\\/www.axiom-genetics.com\\\/en\\\/our-products\\\/pietrain-nn\\\/#breadcrumb\",\"itemListElement\":[{\"@type\":\"ListItem\",\"position\":1,\"name\":\"Accueil\",\"item\":\"https:\\\/\\\/www.axiom-genetics.com\\\/en\\\/\"},{\"@type\":\"ListItem\",\"position\":2,\"name\":\"Our products\",\"item\":\"https:\\\/\\\/www.axiom-genetics.com\\\/en\\\/our-products\\\/\"},{\"@type\":\"ListItem\",\"position\":3,\"name\":\"Pi\u00e9train NN\"}]},{\"@type\":\"WebSite\",\"@id\":\"https:\\\/\\\/www.axiom-genetics.com\\\/en\\\/#website\",\"url\":\"https:\\\/\\\/www.axiom-genetics.com\\\/en\\\/\",\"name\":\"Axiom\",\"description\":\"G\u00e9n\u00e9tique porcine fran\u00e7aise\",\"publisher\":{\"@id\":\"https:\\\/\\\/www.axiom-genetics.com\\\/en\\\/#organization\"},\"potentialAction\":[{\"@type\":\"SearchAction\",\"target\":{\"@type\":\"EntryPoint\",\"urlTemplate\":\"https:\\\/\\\/www.axiom-genetics.com\\\/en\\\/?s={search_term_string}\"},\"query-input\":{\"@type\":\"PropertyValueSpecification\",\"valueRequired\":true,\"valueName\":\"search_term_string\"}}],\"inLanguage\":\"en-US\"},{\"@type\":\"Organization\",\"@id\":\"https:\\\/\\\/www.axiom-genetics.com\\\/en\\\/#organization\",\"name\":\"Axiom\",\"url\":\"https:\\\/\\\/www.axiom-genetics.com\\\/en\\\/\",\"logo\":{\"@type\":\"ImageObject\",\"inLanguage\":\"en-US\",\"@id\":\"https:\\\/\\\/www.axiom-genetics.com\\\/en\\\/#\\\/schema\\\/logo\\\/image\\\/\",\"url\":\"https:\\\/\\\/www.axiom-genetics.com\\\/wp-content\\\/uploads\\\/2025\\\/11\\\/SB_CMJN.png\",\"contentUrl\":\"https:\\\/\\\/www.axiom-genetics.com\\\/wp-content\\\/uploads\\\/2025\\\/11\\\/SB_CMJN.png\",\"width\":5841,\"height\":2332,\"caption\":\"Axiom\"},\"image\":{\"@id\":\"https:\\\/\\\/www.axiom-genetics.com\\\/en\\\/#\\\/schema\\\/logo\\\/image\\\/\"},\"sameAs\":[\"https:\\\/\\\/www.facebook.com\\\/p\\\/Axiom-France-100064379400783\\\/\",\"https:\\\/\\\/www.linkedin.com\\\/company\\\/18675597\",\"https:\\\/\\\/www.instagram.com\\\/axiomfrance\",\"https:\\\/\\\/www.youtube.com\\\/@Axiom-global\"]}]}<\/script>\n<!-- \/ Yoast SEO plugin. -->","yoast_head_json":{"title":"Pi\u00e9train NN - Axiom Genetics","robots":{"index":"index","follow":"follow","max-snippet":"max-snippet:-1","max-image-preview":"max-image-preview:large","max-video-preview":"max-video-preview:-1"},"canonical":"https:\/\/www.axiom-genetics.com\/en\/our-products\/pietrain-nn\/","og_locale":"en_US","og_type":"article","og_title":"Pi\u00e9train NN - Axiom Genetics","og_description":"Pi\u00e9train NNEfficient growthSelected for over 30 years for its high lean gain and growth, Axiom Pi\u00e9train NN ensures a good level of vigour at birth and high meat quality.Axiom Pi\u00e9train offers high growth potential for producing uniform pigsHigh ADG potentialVery good LMP Uniform and conformed pigsGood for certified pig productionAxiom Pi\u00e9train NN:Notre nouvelle offre auto-renouvellementla [&hellip;]","og_url":"https:\/\/www.axiom-genetics.com\/en\/our-products\/pietrain-nn\/","og_site_name":"Axiom Genetics","article_publisher":"https:\/\/www.facebook.com\/p\/Axiom-France-100064379400783\/","article_modified_time":"2025-08-25T07:01:13+00:00","twitter_card":"summary_large_image","twitter_misc":{"Est. reading time":"2 minutes"},"schema":{"@context":"https:\/\/schema.org","@graph":[{"@type":"WebPage","@id":"https:\/\/www.axiom-genetics.com\/en\/our-products\/pietrain-nn\/","url":"https:\/\/www.axiom-genetics.com\/en\/our-products\/pietrain-nn\/","name":"Pi\u00e9train NN - Axiom Genetics","isPartOf":{"@id":"https:\/\/www.axiom-genetics.com\/en\/#website"},"datePublished":"2025-08-09T07:46:10+00:00","dateModified":"2025-08-25T07:01:13+00:00","breadcrumb":{"@id":"https:\/\/www.axiom-genetics.com\/en\/our-products\/pietrain-nn\/#breadcrumb"},"inLanguage":"en-US","potentialAction":[{"@type":"ReadAction","target":["https:\/\/www.axiom-genetics.com\/en\/our-products\/pietrain-nn\/"]}]},{"@type":"BreadcrumbList","@id":"https:\/\/www.axiom-genetics.com\/en\/our-products\/pietrain-nn\/#breadcrumb","itemListElement":[{"@type":"ListItem","position":1,"name":"Accueil","item":"https:\/\/www.axiom-genetics.com\/en\/"},{"@type":"ListItem","position":2,"name":"Our products","item":"https:\/\/www.axiom-genetics.com\/en\/our-products\/"},{"@type":"ListItem","position":3,"name":"Pi\u00e9train NN"}]},{"@type":"WebSite","@id":"https:\/\/www.axiom-genetics.com\/en\/#website","url":"https:\/\/www.axiom-genetics.com\/en\/","name":"Axiom","description":"G\u00e9n\u00e9tique porcine fran\u00e7aise","publisher":{"@id":"https:\/\/www.axiom-genetics.com\/en\/#organization"},"potentialAction":[{"@type":"SearchAction","target":{"@type":"EntryPoint","urlTemplate":"https:\/\/www.axiom-genetics.com\/en\/?s={search_term_string}"},"query-input":{"@type":"PropertyValueSpecification","valueRequired":true,"valueName":"search_term_string"}}],"inLanguage":"en-US"},{"@type":"Organization","@id":"https:\/\/www.axiom-genetics.com\/en\/#organization","name":"Axiom","url":"https:\/\/www.axiom-genetics.com\/en\/","logo":{"@type":"ImageObject","inLanguage":"en-US","@id":"https:\/\/www.axiom-genetics.com\/en\/#\/schema\/logo\/image\/","url":"https:\/\/www.axiom-genetics.com\/wp-content\/uploads\/2025\/11\/SB_CMJN.png","contentUrl":"https:\/\/www.axiom-genetics.com\/wp-content\/uploads\/2025\/11\/SB_CMJN.png","width":5841,"height":2332,"caption":"Axiom"},"image":{"@id":"https:\/\/www.axiom-genetics.com\/en\/#\/schema\/logo\/image\/"},"sameAs":["https:\/\/www.facebook.com\/p\/Axiom-France-100064379400783\/","https:\/\/www.linkedin.com\/company\/18675597","https:\/\/www.instagram.com\/axiomfrance","https:\/\/www.youtube.com\/@Axiom-global"]}]}},"_links":{"self":[{"href":"https:\/\/www.axiom-genetics.com\/en\/wp-json\/wp\/v2\/pages\/5138","targetHints":{"allow":["GET"]}}],"collection":[{"href":"https:\/\/www.axiom-genetics.com\/en\/wp-json\/wp\/v2\/pages"}],"about":[{"href":"https:\/\/www.axiom-genetics.com\/en\/wp-json\/wp\/v2\/types\/page"}],"author":[{"embeddable":true,"href":"https:\/\/www.axiom-genetics.com\/en\/wp-json\/wp\/v2\/users\/1"}],"replies":[{"embeddable":true,"href":"https:\/\/www.axiom-genetics.com\/en\/wp-json\/wp\/v2\/comments?post=5138"}],"version-history":[{"count":4,"href":"https:\/\/www.axiom-genetics.com\/en\/wp-json\/wp\/v2\/pages\/5138\/revisions"}],"predecessor-version":[{"id":5547,"href":"https:\/\/www.axiom-genetics.com\/en\/wp-json\/wp\/v2\/pages\/5138\/revisions\/5547"}],"up":[{"embeddable":true,"href":"https:\/\/www.axiom-genetics.com\/en\/wp-json\/wp\/v2\/pages\/4818"}],"wp:attachment":[{"href":"https:\/\/www.axiom-genetics.com\/en\/wp-json\/wp\/v2\/media?parent=5138"}],"wp:term":[{"taxonomy":"dipi_cpt_category","embeddable":true,"href":"https:\/\/www.axiom-genetics.com\/en\/wp-json\/wp\/v2\/dipi_cpt_category?post=5138"}],"curies":[{"name":"wp","href":"https:\/\/api.w.org\/{rel}","templated":true}]}}