{"id":5072,"date":"2025-08-09T09:56:17","date_gmt":"2025-08-09T07:56:17","guid":{"rendered":"https:\/\/www.axiom-genetics.com\/nuestros-productos\/excelium\/"},"modified":"2025-08-25T09:34:22","modified_gmt":"2025-08-25T07:34:22","slug":"excelium","status":"publish","type":"page","link":"https:\/\/www.axiom-genetics.com\/es\/nuestros-productos\/excelium\/","title":{"rendered":"Excelium"},"content":{"rendered":"<p>[et_pb_section fb_built=\u00bb1&#8243; custom_padding_last_edited=\u00bbon|tablet\u00bb _builder_version=\u00bb4.27.4&#8243; _module_preset=\u00bbdefault\u00bb background_color=\u00bbgcid-secondary-color\u00bb custom_margin=\u00bb0px||0px||true|false\u00bb custom_padding=\u00bb20px||0px||false|false\u00bb custom_padding_tablet=\u00bb50px||||false|false\u00bb custom_padding_phone=\u00bb50px||||false|false\u00bb saved_tabs=\u00bball\u00bb global_colors_info=\u00bb{%22gcid-secondary-color%22:%91%22background_color%22%93}\u00bb][et_pb_row _builder_version=\u00bb4.27.4&#8243; _module_preset=\u00bbdefault\u00bb custom_margin=\u00bb0px||0px||true|false\u00bb global_colors_info=\u00bb{}\u00bb][et_pb_column type=\u00bb4_4&#8243; _builder_version=\u00bb4.27.4&#8243; _module_preset=\u00bbdefault\u00bb global_colors_info=\u00bb{}\u00bb][et_pb_button button_url=\u00bbhttps:\/\/www.axiom-genetics.com\/es\/nuestros-productos\/#cochettes\u00bb button_text=\u00bbVolver a productos\u00bb _builder_version=\u00bb4.27.4&#8243; _module_preset=\u00bb4318f46b-d8dd-4a4a-a6d1-63cd52e54249&#8243; custom_margin=\u00bb||0px|20px|false|false\u00bb custom_margin_last_edited=\u00bboff|desktop\u00bb global_module=\u00bb4930&#8243; saved_tabs=\u00bball\u00bb global_colors_info=\u00bb{%22gcid-9d50e43e-412b-440e-b490-0c4ed3d5243e%22:%91%22button_text_color%22%93}\u00bb][\/et_pb_button][\/et_pb_column][\/et_pb_row][\/et_pb_section][et_pb_section fb_built=\u00bb1&#8243; specialty=\u00bbon\u00bb padding_2_tablet=\u00bb\u00bb padding_2_phone=\u00bb0px||||false|false\u00bb padding_2_last_edited=\u00bbon|phone\u00bb _builder_version=\u00bb4.27.4&#8243; _module_preset=\u00bb026da4d0-a973-4c5f-b7f5-8dc9be31a83c\u00bb global_colors_info=\u00bb{}\u00bb][et_pb_column type=\u00bb1_2&#8243; _builder_version=\u00bb4.16&#8243; custom_padding=\u00bb|||\u00bb global_colors_info=\u00bb{}\u00bb custom_padding__hover=\u00bb|||\u00bb][et_pb_image src=\u00bbhttps:\/\/www.axiom-genetics.com\/wp-content\/uploads\/2025\/07\/male-black.svg\u00bb admin_label=\u00bbpicto\u00bb _builder_version=\u00bb4.27.4&#8243; _module_preset=\u00bb58970ac7-6f76-4f58-a6d1-feca086ccaa9&#8243; global_colors_info=\u00bb{}\u00bb][\/et_pb_image][et_pb_image src=\u00bbhttps:\/\/www.axiom-genetics.com\/wp-content\/uploads\/2025\/08\/Excelium.webp\u00bb alt=\u00bbExcelium Axiom\u00bb _builder_version=\u00bb4.27.4&#8243; _module_preset=\u00bbd8e0fcfe-4b9e-4000-b824-89db1b1d6244&#8243; global_colors_info=\u00bb{}\u00bb][\/et_pb_image][et_pb_image src=\u00bbhttps:\/\/www.axiom-genetics.com\/wp-content\/uploads\/2025\/07\/separateur.svg\u00bb _builder_version=\u00bb4.27.4&#8243; _module_preset=\u00bbf17c3927-db6c-406f-b37a-299cdfd1de6b\u00bb global_colors_info=\u00bb{}\u00bb][\/et_pb_image][\/et_pb_column][et_pb_column type=\u00bb1_2&#8243; specialty_columns=\u00bb2&#8243; _builder_version=\u00bb4.16&#8243; custom_padding=\u00bb|||\u00bb global_colors_info=\u00bb{}\u00bb custom_padding__hover=\u00bb|||\u00bb][et_pb_row_inner _builder_version=\u00bb4.27.4&#8243; _module_preset=\u00bb27ef54b5-822a-40c6-aba4-8a2b48d03d64&#8243; global_colors_info=\u00bb{}\u00bb][et_pb_column_inner saved_specialty_column_type=\u00bb1_2&#8243; _builder_version=\u00bb4.27.4&#8243; _module_preset=\u00bbdefault\u00bb global_colors_info=\u00bb{}\u00bb][et_pb_text _builder_version=\u00bb4.27.4&#8243; _module_preset=\u00bbe8d264c4-a00e-443b-a8c1-7c6c6d3d6b87&#8243; global_colors_info=\u00bb{}\u00bb]<\/p>\n<h1>Excelium<\/h1>\n<p>[\/et_pb_text][et_pb_text _builder_version=\u00bb4.27.4&#8243; _module_preset=\u00bbc46491b7-e76f-46b2-9b95-eae049ffba82&#8243; global_colors_info=\u00bb{}\u00bb]<\/p>\n<h2>Vigor sint\u00e9tico<\/h2>\n<p>[\/et_pb_text][\/et_pb_column_inner][\/et_pb_row_inner][et_pb_row_inner column_structure=\u00bb1_2,1_2&#8243; _builder_version=\u00bb4.27.4&#8243; _module_preset=\u00bb939c0ccf-7047-44f3-9d70-b93304fdba1f\u00bb global_colors_info=\u00bb{}\u00bb][et_pb_column_inner type=\u00bb1_2&#8243; saved_specialty_column_type=\u00bb1_2&#8243; _builder_version=\u00bb4.27.4&#8243; _module_preset=\u00bbdefault\u00bb global_colors_info=\u00bb{}\u00bb][et_pb_button button_url=\u00bb@ET-DC@eyJkeW5hbWljIjp0cnVlLCJjb250ZW50IjoicG9zdF9saW5rX3VybF9hdHRhY2htZW50Iiwic2V0dGluZ3MiOnsicG9zdF9pZCI6IjU1OTEifX0=@\u00bb url_new_window=\u00bbon\u00bb button_text=\u00bbFicha de producto\u00bb _builder_version=\u00bb4.27.4&#8243; _dynamic_attributes=\u00bbbutton_url\u00bb _module_preset=\u00bb5b5ac20e-57a6-43ec-86c2-7139f713e50e\u00bb hover_enabled=\u00bb0&#8243; global_colors_info=\u00bb{}\u00bb sticky_enabled=\u00bb0&#8243;][\/et_pb_button][\/et_pb_column_inner][et_pb_column_inner type=\u00bb1_2&#8243; saved_specialty_column_type=\u00bb1_2&#8243; _builder_version=\u00bb4.27.4&#8243; _module_preset=\u00bbdefault\u00bb global_colors_info=\u00bb{}\u00bb][et_pb_button button_url=\u00bb@ET-DC@eyJkeW5hbWljIjp0cnVlLCJjb250ZW50IjoicG9zdF9saW5rX3VybF9wYWdlIiwic2V0dGluZ3MiOnsicG9zdF9pZCI6Ijg0NCJ9fQ==@\u00bb button_text=\u00bbContactanos\u00bb _builder_version=\u00bb4.27.4&#8243; _dynamic_attributes=\u00bbbutton_url\u00bb _module_preset=\u00bb989a412d-5bfa-4607-aca6-56ab0cac0a42&#8243; global_colors_info=\u00bb{}\u00bb][\/et_pb_button][\/et_pb_column_inner][\/et_pb_row_inner][et_pb_row_inner _builder_version=\u00bb4.27.4&#8243; _module_preset=\u00bb74ebc619-5140-4286-86c9-f31fe2109764&#8243; global_colors_info=\u00bb{}\u00bb][et_pb_column_inner saved_specialty_column_type=\u00bb1_2&#8243; _builder_version=\u00bb4.27.4&#8243; _module_preset=\u00bbdefault\u00bb global_colors_info=\u00bb{}\u00bb][et_pb_text _builder_version=\u00bb4.27.4&#8243; _module_preset=\u00bb573612d8-6c97-44f3-a8f1-208d15cdda2e\u00bb global_colors_info=\u00bb{}\u00bb]Con su genotipo 100% NN, Excelium es un verraco sint\u00e9tico conocido por el vigor de sus lechones al nacer. Seleccionado espec\u00edficamente por su comportamiento alimentario, garantiza un muy buen FCR.[\/et_pb_text][et_pb_image src=\u00bbhttps:\/\/www.axiom-genetics.com\/wp-content\/uploads\/2025\/07\/separateur.svg\u00bb _builder_version=\u00bb4.27.4&#8243; _module_preset=\u00bb373eb8b8-3b4f-4aa3-a762-a255b4fc54f4&#8243; global_colors_info=\u00bb{}\u00bb][\/et_pb_image][\/et_pb_column_inner][\/et_pb_row_inner][\/et_pb_column][\/et_pb_section][et_pb_section fb_built=\u00bb1&#8243; _builder_version=\u00bb4.27.4&#8243; _module_preset=\u00bb58236904-f61b-49c2-a0d8-f890ac540c4e\u00bb global_colors_info=\u00bb{}\u00bb][et_pb_row column_structure=\u00bb1_2,1_2&#8243; _builder_version=\u00bb4.27.4&#8243; _module_preset=\u00bb2d6ae335-cda9-43ae-9aa8-8878ef5c42dd\u00bb global_colors_info=\u00bb{}\u00bb][et_pb_column type=\u00bb1_2&#8243; _builder_version=\u00bb4.27.4&#8243; _module_preset=\u00bbdefault\u00bb custom_padding=\u00bb|5%|||false|false\u00bb custom_padding_tablet=\u00bb|0%|||false|false\u00bb custom_padding_phone=\u00bb|0%|||false|false\u00bb custom_padding_last_edited=\u00bbon|tablet\u00bb global_colors_info=\u00bb{}\u00bb][et_pb_text _builder_version=\u00bb4.27.4&#8243; _module_preset=\u00bb2a7f93cc-cf18-4c2f-90ef-7a6166945bf4&#8243; global_colors_info=\u00bb{}\u00bb]<\/p>\n<h2><span style=\"color: #01a996;\">Machos con genotipo NN: <\/span> combinaci\u00f3n de f\u00e1cil manejo durante el per\u00edodo de maternidad, FUM y eficiencia alimenticia<\/h2>\n<p>[\/et_pb_text][et_pb_blurb title=\u00bbEficiencia\u00bb image=\u00bbhttps:\/\/www.axiom-genetics.com\/wp-content\/uploads\/2025\/08\/Aliment-1.svg\u00bb _builder_version=\u00bb4.27.4&#8243; _module_preset=\u00bb02263a50-a4f0-4e09-a829-a49d0a03803d\u00bb global_colors_info=\u00bb{}\u00bb]Excelente FCR en engorde<br \/>\nMuy buena ADG en engorde[\/et_pb_blurb][et_pb_blurb title=\u00bbBeneficios de la maternidad\u00bb image=\u00bbhttps:\/\/www.axiom-genetics.com\/wp-content\/uploads\/2025\/08\/Porcelet-Vitalite-padding.svg\u00bb _builder_version=\u00bb4.27.4&#8243; _module_preset=\u00bb02263a50-a4f0-4e09-a829-a49d0a03803d\u00bb global_colors_info=\u00bb{}\u00bb]Lechones vigorosos al nacer[\/et_pb_blurb][et_pb_blurb title=\u00bbCarcasa\u00bb image=\u00bbhttps:\/\/www.axiom-genetics.com\/wp-content\/uploads\/2025\/08\/Jambon-padding.svg\u00bb _builder_version=\u00bb4.27.4&#8243; _module_preset=\u00bb02263a50-a4f0-4e09-a829-a49d0a03803d\u00bb global_colors_info=\u00bb{}\u00bb]100% genotipo NN<br \/>\nMuy buen TMP[\/et_pb_blurb][et_pb_blurb title=\u00bbM\u00e1xima rentabilidad\u00bb image=\u00bbhttps:\/\/www.axiom-genetics.com\/wp-content\/uploads\/2025\/08\/Euro-padding.svg\u00bb _builder_version=\u00bb4.27.4&#8243; _module_preset=\u00bb02263a50-a4f0-4e09-a829-a49d0a03803d\u00bb global_colors_info=\u00bb{}\u00bb][\/et_pb_blurb][\/et_pb_column][et_pb_column type=\u00bb1_2&#8243; _builder_version=\u00bb4.27.4&#8243; _module_preset=\u00bbdefault\u00bb global_colors_info=\u00bb{}\u00bb][et_pb_image src=\u00bbhttps:\/\/www.axiom-genetics.com\/wp-content\/uploads\/2025\/08\/verrats-excelium.webp\u00bb alt=\u00bbverrats excelium\u00bb _builder_version=\u00bb4.27.4&#8243; _module_preset=\u00bb1636c56f-e97f-4c54-9543-9a620fa8540d\u00bb global_colors_info=\u00bb{}\u00bb][\/et_pb_image][et_pb_text _builder_version=\u00bb4.27.4&#8243; _module_preset=\u00bb0f91b720-8509-45bf-96fb-dbda2d2a10a3&#8243; global_colors_info=\u00bb{%22gcid-primary-color%22:%91%22header_3_text_color%22%93}\u00bb]<\/p>\n<h3>El Excelium es:<\/h3>\n<p>[\/et_pb_text][et_pb_blurb title=\u00bbConveniete para el mercado estandar\u00bb image=\u00bbhttps:\/\/www.axiom-genetics.com\/wp-content\/uploads\/2025\/08\/Fichier-2710.svg\u00bb _builder_version=\u00bb4.27.4&#8243; _module_preset=\u00bbe10f65bd-176f-4764-afe5-d680481a3d1d\u00bb global_colors_info=\u00bb{}\u00bb][\/et_pb_blurb][et_pb_blurb title=\u00bbConveniete para el mercado certificado\u00bb image=\u00bbhttps:\/\/www.axiom-genetics.com\/wp-content\/uploads\/2025\/08\/label.svg\u00bb _builder_version=\u00bb4.27.4&#8243; _module_preset=\u00bbe10f65bd-176f-4764-afe5-d680481a3d1d\u00bb global_colors_info=\u00bb{}\u00bb][\/et_pb_blurb][et_pb_blurb title=\u00bbConveniente para todo el mercado de machos\u00bb image=\u00bbhttps:\/\/www.axiom-genetics.com\/wp-content\/uploads\/2025\/08\/Fichier-2750.svg\u00bb _builder_version=\u00bb4.27.4&#8243; _module_preset=\u00bbe10f65bd-176f-4764-afe5-d680481a3d1d\u00bb global_colors_info=\u00bb{}\u00bb][\/et_pb_blurb][et_pb_blurb title=\u00bbCertificaco 99% libre de olor\u00bb image=\u00bbhttps:\/\/www.axiom-genetics.com\/wp-content\/uploads\/2025\/08\/Fichier-2731.svg\u00bb module_class=\u00bbop-blurb\u00bb _builder_version=\u00bb4.27.4&#8243; _module_preset=\u00bbbe18f317-d5fd-466c-853b-646707d785fe\u00bb global_colors_info=\u00bb{}\u00bb][\/et_pb_blurb][\/et_pb_column][\/et_pb_row][\/et_pb_section][et_pb_section fb_built=\u00bb1&#8243; disabled_on=\u00bbon|on|on\u00bb _builder_version=\u00bb4.27.4&#8243; _module_preset=\u00bbe75652d1-8f3c-4ef9-9434-7a5894d22250&#8243; disabled=\u00bbon\u00bb saved_tabs=\u00bball\u00bb global_colors_info=\u00bb{}\u00bb][et_pb_row column_structure=\u00bb1_2,1_2&#8243; make_equal=\u00bbon\u00bb _builder_version=\u00bb4.27.4&#8243; _module_preset=\u00bbdefault\u00bb background_enable_color=\u00bboff\u00bb use_background_color_gradient=\u00bbon\u00bb background_color_gradient_type=\u00bbcircular\u00bb background_color_gradient_direction_radial=\u00bbbottom left\u00bb background_color_gradient_stops=\u00bb#01a996 0%|#182042 33%\u00bb custom_padding=\u00bb50px|5%|50px|7%|true|false\u00bb custom_css_main_element=\u00bbalign-items: center;\u00bb border_radii=\u00bbon|10px|10px|10px|10px\u00bb global_colors_info=\u00bb{%22gcid-secondary-color%22:%91%22background_color%22,%22background_color_gradient_stops%22%93,%22gcid-primary-color%22:%91%22background_color_gradient_stops%22%93}\u00bb][et_pb_column type=\u00bb1_2&#8243; _builder_version=\u00bb4.27.4&#8243; _module_preset=\u00bbdefault\u00bb global_colors_info=\u00bb{}\u00bb][et_pb_image src=\u00bbhttps:\/\/www.axiom-genetics.com\/wp-content\/uploads\/2025\/07\/imagene.svg\u00bb title_text=\u00bbimagene\u00bb _builder_version=\u00bb4.27.4&#8243; _module_preset=\u00bbdefault\u00bb max_width=\u00bb332px\u00bb module_alignment=\u00bbleft\u00bb global_colors_info=\u00bb{}\u00bb][\/et_pb_image][\/et_pb_column][et_pb_column type=\u00bb1_2&#8243; _builder_version=\u00bb4.27.4&#8243; _module_preset=\u00bbdefault\u00bb global_colors_info=\u00bb{}\u00bb][et_pb_text _builder_version=\u00bb4.27.4&#8243; _module_preset=\u00bbdefault\u00bb text_font=\u00bb||||||||\u00bb text_text_color=\u00bb#FFFFFF\u00bb text_font_size=\u00bb30px\u00bb text_line_height=\u00bb1.2em\u00bb custom_margin=\u00bb||10px||false|false\u00bb custom_css_main_element=\u00bbfont-weight: 500;\u00bb global_colors_info=\u00bb{}\u00bb]<\/p>\n<p>Notre nouvelle offre auto-renouvellement<\/p>\n<p>[\/et_pb_text][et_pb_text _builder_version=\u00bb4.27.4&#8243; _module_preset=\u00bbdefault\u00bb text_text_color=\u00bb#FFFFFF\u00bb global_colors_info=\u00bb{}\u00bb]<\/p>\n<p>la solution axiom efficace pour assurer la qualit\u00e9 de votre troupeau et la rentabilit\u00e9 de votre \u00e9levage.<\/p>\n<p>[\/et_pb_text][et_pb_button button_text=\u00bbEn savoir +\u00bb _builder_version=\u00bb4.27.4&#8243; _module_preset=\u00bbdefault\u00bb global_colors_info=\u00bb{}\u00bb][\/et_pb_button][\/et_pb_column][\/et_pb_row][\/et_pb_section][et_pb_section fb_built=\u00bb1&#8243; disabled_on=\u00bboff|off|off\u00bb _builder_version=\u00bb4.27.4&#8243; _module_preset=\u00bb091f8daa-80ff-4b38-a4b5-a987a75d36bc\u00bb global_colors_info=\u00bb{}\u00bb][et_pb_row _builder_version=\u00bb4.27.4&#8243; _module_preset=\u00bb9ca6ecd3-d39b-4b12-8fa2-c61a617e249a\u00bb global_colors_info=\u00bb{}\u00bb][et_pb_column type=\u00bb4_4&#8243; _builder_version=\u00bb4.27.4&#8243; _module_preset=\u00bbdefault\u00bb global_colors_info=\u00bb{}\u00bb][et_pb_text _builder_version=\u00bb4.27.4&#8243; _module_preset=\u00bbe5049aeb-3930-4782-b2fa-86c7b0877b1f\u00bb global_colors_info=\u00bb{}\u00bb]<\/p>\n<h2>Excelium se ilustra en:<\/h2>\n<p>[\/et_pb_text][et_pb_code _builder_version=\u00bb4.27.4&#8243; _module_preset=\u00bbff90d1f5-34e4-4516-9172-a15112f1355b\u00bb global_colors_info=\u00bb{}\u00bb]<!-- Gridbuilder \u1d42\u1d3e Plugin (https:\/\/wpgridbuilder.com) -->\n<div class=\"wp-grid-builder wpgb-grid-13\" data-options=\"{&quot;id&quot;:13,&quot;type&quot;:&quot;masonry&quot;,&quot;source&quot;:&quot;post_type&quot;,&quot;loader&quot;:false,&quot;layout&quot;:&quot;vertical&quot;,&quot;reveal&quot;:0,&quot;isMainQuery&quot;:0,&quot;lazyLoad&quot;:false,&quot;cardSizes&quot;:{&quot;9999&quot;:{&quot;columns&quot;:2,&quot;height&quot;:240,&quot;gutter&quot;:16,&quot;ratio&quot;:&quot;1.33333&quot;},&quot;1280&quot;:{&quot;columns&quot;:2,&quot;height&quot;:220,&quot;gutter&quot;:16,&quot;ratio&quot;:&quot;1.33333&quot;},&quot;1024&quot;:{&quot;columns&quot;:2,&quot;height&quot;:200,&quot;gutter&quot;:50,&quot;ratio&quot;:&quot;1.33333&quot;},&quot;640&quot;:{&quot;columns&quot;:1,&quot;height&quot;:200,&quot;gutter&quot;:70,&quot;ratio&quot;:&quot;1.33333&quot;}},&quot;fitRows&quot;:false,&quot;equalRows&quot;:0,&quot;equalColumns&quot;:false,&quot;fillLastRow&quot;:0,&quot;centerLastRow&quot;:0,&quot;horizontalOrder&quot;:false,&quot;fullWidth&quot;:false,&quot;transitionDelay&quot;:100,&quot;gallerySlideshow&quot;:false,&quot;rowsNumber&quot;:1,&quot;slideAlign&quot;:&quot;left&quot;,&quot;groupCells&quot;:1,&quot;draggable&quot;:true,&quot;initialIndex&quot;:0,&quot;contain&quot;:false,&quot;freeScroll&quot;:false,&quot;freeFriction&quot;:&quot;0.075&quot;,&quot;friction&quot;:&quot;0.285&quot;,&quot;attraction&quot;:&quot;0.025&quot;,&quot;autoPlay&quot;:0,&quot;pageDotAriaLabel&quot;:&quot;Page dot %d&quot;,&quot;isPreview&quot;:false,&quot;isGutenberg&quot;:false,&quot;rightToLeft&quot;:false}\"><div class=\"wpgb-svg-icons\" hidden>\n\t<svg viewBox=\"0 0 120 24\" width=\"0\" height=\"0\">\n\t<defs>\n        <polygon id=\"wpgb-star-svg\" points=\"12 2.5 15.1 8.8 22 9.8 17 14.6 18.2 21.5 12 18.3 5.8 21.5 7 14.6 2 9.8 8.9 8.8\"><\/polygon>\n    <\/defs>\n    <symbol id=\"wpgb-rating-stars-svg\">\n        <use xlink:href=\"#wpgb-star-svg\"><\/use>\n        <use xlink:href=\"#wpgb-star-svg\" x=\"24\"><\/use>\n        <use xlink:href=\"#wpgb-star-svg\" x=\"48\"><\/use>\n        <use xlink:href=\"#wpgb-star-svg\" x=\"72\"><\/use>\n        <use xlink:href=\"#wpgb-star-svg\" x=\"96\"><\/use>\n    <\/symbol>\n<\/svg>\n<\/div>\n<div class=\"wpgb-wrapper\">\n\t<div class=\"wpgb-main\">\n\t<div class=\"wpgb-layout\">\n\t<div class=\"wpgb-viewport\">\n\t\t<div class=\"wpgb-masonry\">\n\t\t\t<div class=\"wpgb-card wpgb-no-result\" data-col=\"12\" data-row=\"1\">\n\t<div class=\"wpgb-card-wrapper\">\n\t\tLo sentimos, no se encontr\u00f3 contenido.\t<\/div>\n<\/div>\n\t\t<\/div>\n\t<\/div>\n\t<\/div>\n\t<\/div>\n\t\t<\/div>\n<\/div>\n[\/et_pb_code][\/et_pb_column][\/et_pb_row][\/et_pb_section]<\/p>\n","protected":false},"excerpt":{"rendered":"<p>ExceliumVigor sint\u00e9ticoCon su genotipo 100% NN, Excelium es un verraco sint\u00e9tico conocido por el vigor de sus lechones al nacer. Seleccionado espec\u00edficamente por su comportamiento alimentario, garantiza un muy buen FCR.Machos con genotipo NN: combinaci\u00f3n de f\u00e1cil manejo durante el per\u00edodo de maternidad, FUM y eficiencia alimenticiaExcelente FCR en engorde Muy buena ADG en engordeLechones [&hellip;]<\/p>\n","protected":false},"author":1,"featured_media":0,"parent":4856,"menu_order":0,"comment_status":"closed","ping_status":"closed","template":"","meta":{"_acf_changed":false,"_et_pb_use_builder":"on","_et_pb_old_content":"<!-- wp:divi\/placeholder \/-->","_et_gb_content_width":"","footnotes":""},"dipi_cpt_category":[],"class_list":["post-5072","page","type-page","status-publish","hentry"],"acf":[],"yoast_head":"<!-- This site is optimized with the Yoast SEO plugin v27.3 - https:\/\/yoast.com\/product\/yoast-seo-wordpress\/ -->\n<title>Excelium - Axiom<\/title>\n<meta name=\"robots\" content=\"index, follow, max-snippet:-1, max-image-preview:large, max-video-preview:-1\" \/>\n<link rel=\"canonical\" href=\"https:\/\/www.axiom-genetics.com\/es\/nuestros-productos\/excelium\/\" \/>\n<meta property=\"og:locale\" content=\"es_ES\" \/>\n<meta property=\"og:type\" content=\"article\" \/>\n<meta property=\"og:title\" content=\"Excelium - Axiom\" \/>\n<meta property=\"og:description\" content=\"ExceliumVigor sint\u00e9ticoCon su genotipo 100% NN, Excelium es un verraco sint\u00e9tico conocido por el vigor de sus lechones al nacer. Seleccionado espec\u00edficamente por su comportamiento alimentario, garantiza un muy buen FCR.Machos con genotipo NN: combinaci\u00f3n de f\u00e1cil manejo durante el per\u00edodo de maternidad, FUM y eficiencia alimenticiaExcelente FCR en engorde Muy buena ADG en engordeLechones [&hellip;]\" \/>\n<meta property=\"og:url\" content=\"https:\/\/www.axiom-genetics.com\/es\/nuestros-productos\/excelium\/\" \/>\n<meta property=\"og:site_name\" content=\"Axiom\" \/>\n<meta property=\"article:publisher\" content=\"https:\/\/www.facebook.com\/p\/Axiom-France-100064379400783\/\" \/>\n<meta property=\"article:modified_time\" content=\"2025-08-25T07:34:22+00:00\" \/>\n<meta name=\"twitter:card\" content=\"summary_large_image\" \/>\n<meta name=\"twitter:label1\" content=\"Tiempo de lectura\" \/>\n\t<meta name=\"twitter:data1\" content=\"2 minutos\" \/>\n<script type=\"application\/ld+json\" class=\"yoast-schema-graph\">{\"@context\":\"https:\\\/\\\/schema.org\",\"@graph\":[{\"@type\":\"WebPage\",\"@id\":\"https:\\\/\\\/www.axiom-genetics.com\\\/es\\\/nuestros-productos\\\/excelium\\\/\",\"url\":\"https:\\\/\\\/www.axiom-genetics.com\\\/es\\\/nuestros-productos\\\/excelium\\\/\",\"name\":\"Excelium - Axiom\",\"isPartOf\":{\"@id\":\"https:\\\/\\\/www.axiom-genetics.com\\\/es\\\/#website\"},\"datePublished\":\"2025-08-09T07:56:17+00:00\",\"dateModified\":\"2025-08-25T07:34:22+00:00\",\"breadcrumb\":{\"@id\":\"https:\\\/\\\/www.axiom-genetics.com\\\/es\\\/nuestros-productos\\\/excelium\\\/#breadcrumb\"},\"inLanguage\":\"es\",\"potentialAction\":[{\"@type\":\"ReadAction\",\"target\":[\"https:\\\/\\\/www.axiom-genetics.com\\\/es\\\/nuestros-productos\\\/excelium\\\/\"]}]},{\"@type\":\"BreadcrumbList\",\"@id\":\"https:\\\/\\\/www.axiom-genetics.com\\\/es\\\/nuestros-productos\\\/excelium\\\/#breadcrumb\",\"itemListElement\":[{\"@type\":\"ListItem\",\"position\":1,\"name\":\"Accueil\",\"item\":\"https:\\\/\\\/www.axiom-genetics.com\\\/es\\\/\"},{\"@type\":\"ListItem\",\"position\":2,\"name\":\"Nuestros productos\",\"item\":\"https:\\\/\\\/www.axiom-genetics.com\\\/es\\\/nuestros-productos\\\/\"},{\"@type\":\"ListItem\",\"position\":3,\"name\":\"Excelium\"}]},{\"@type\":\"WebSite\",\"@id\":\"https:\\\/\\\/www.axiom-genetics.com\\\/es\\\/#website\",\"url\":\"https:\\\/\\\/www.axiom-genetics.com\\\/es\\\/\",\"name\":\"Axiom\",\"description\":\"G\u00e9n\u00e9tique porcine fran\u00e7aise\",\"publisher\":{\"@id\":\"https:\\\/\\\/www.axiom-genetics.com\\\/es\\\/#organization\"},\"potentialAction\":[{\"@type\":\"SearchAction\",\"target\":{\"@type\":\"EntryPoint\",\"urlTemplate\":\"https:\\\/\\\/www.axiom-genetics.com\\\/es\\\/?s={search_term_string}\"},\"query-input\":{\"@type\":\"PropertyValueSpecification\",\"valueRequired\":true,\"valueName\":\"search_term_string\"}}],\"inLanguage\":\"es\"},{\"@type\":\"Organization\",\"@id\":\"https:\\\/\\\/www.axiom-genetics.com\\\/es\\\/#organization\",\"name\":\"Axiom\",\"url\":\"https:\\\/\\\/www.axiom-genetics.com\\\/es\\\/\",\"logo\":{\"@type\":\"ImageObject\",\"inLanguage\":\"es\",\"@id\":\"https:\\\/\\\/www.axiom-genetics.com\\\/es\\\/#\\\/schema\\\/logo\\\/image\\\/\",\"url\":\"https:\\\/\\\/www.axiom-genetics.com\\\/wp-content\\\/uploads\\\/2025\\\/11\\\/SB_CMJN.png\",\"contentUrl\":\"https:\\\/\\\/www.axiom-genetics.com\\\/wp-content\\\/uploads\\\/2025\\\/11\\\/SB_CMJN.png\",\"width\":5841,\"height\":2332,\"caption\":\"Axiom\"},\"image\":{\"@id\":\"https:\\\/\\\/www.axiom-genetics.com\\\/es\\\/#\\\/schema\\\/logo\\\/image\\\/\"},\"sameAs\":[\"https:\\\/\\\/www.facebook.com\\\/p\\\/Axiom-France-100064379400783\\\/\",\"https:\\\/\\\/www.linkedin.com\\\/company\\\/18675597\",\"https:\\\/\\\/www.instagram.com\\\/axiomfrance\",\"https:\\\/\\\/www.youtube.com\\\/@Axiom-global\"]}]}<\/script>\n<!-- \/ Yoast SEO plugin. -->","yoast_head_json":{"title":"Excelium - Axiom","robots":{"index":"index","follow":"follow","max-snippet":"max-snippet:-1","max-image-preview":"max-image-preview:large","max-video-preview":"max-video-preview:-1"},"canonical":"https:\/\/www.axiom-genetics.com\/es\/nuestros-productos\/excelium\/","og_locale":"es_ES","og_type":"article","og_title":"Excelium - Axiom","og_description":"ExceliumVigor sint\u00e9ticoCon su genotipo 100% NN, Excelium es un verraco sint\u00e9tico conocido por el vigor de sus lechones al nacer. Seleccionado espec\u00edficamente por su comportamiento alimentario, garantiza un muy buen FCR.Machos con genotipo NN: combinaci\u00f3n de f\u00e1cil manejo durante el per\u00edodo de maternidad, FUM y eficiencia alimenticiaExcelente FCR en engorde Muy buena ADG en engordeLechones [&hellip;]","og_url":"https:\/\/www.axiom-genetics.com\/es\/nuestros-productos\/excelium\/","og_site_name":"Axiom","article_publisher":"https:\/\/www.facebook.com\/p\/Axiom-France-100064379400783\/","article_modified_time":"2025-08-25T07:34:22+00:00","twitter_card":"summary_large_image","twitter_misc":{"Tiempo de lectura":"2 minutos"},"schema":{"@context":"https:\/\/schema.org","@graph":[{"@type":"WebPage","@id":"https:\/\/www.axiom-genetics.com\/es\/nuestros-productos\/excelium\/","url":"https:\/\/www.axiom-genetics.com\/es\/nuestros-productos\/excelium\/","name":"Excelium - Axiom","isPartOf":{"@id":"https:\/\/www.axiom-genetics.com\/es\/#website"},"datePublished":"2025-08-09T07:56:17+00:00","dateModified":"2025-08-25T07:34:22+00:00","breadcrumb":{"@id":"https:\/\/www.axiom-genetics.com\/es\/nuestros-productos\/excelium\/#breadcrumb"},"inLanguage":"es","potentialAction":[{"@type":"ReadAction","target":["https:\/\/www.axiom-genetics.com\/es\/nuestros-productos\/excelium\/"]}]},{"@type":"BreadcrumbList","@id":"https:\/\/www.axiom-genetics.com\/es\/nuestros-productos\/excelium\/#breadcrumb","itemListElement":[{"@type":"ListItem","position":1,"name":"Accueil","item":"https:\/\/www.axiom-genetics.com\/es\/"},{"@type":"ListItem","position":2,"name":"Nuestros productos","item":"https:\/\/www.axiom-genetics.com\/es\/nuestros-productos\/"},{"@type":"ListItem","position":3,"name":"Excelium"}]},{"@type":"WebSite","@id":"https:\/\/www.axiom-genetics.com\/es\/#website","url":"https:\/\/www.axiom-genetics.com\/es\/","name":"Axiom","description":"G\u00e9n\u00e9tique porcine fran\u00e7aise","publisher":{"@id":"https:\/\/www.axiom-genetics.com\/es\/#organization"},"potentialAction":[{"@type":"SearchAction","target":{"@type":"EntryPoint","urlTemplate":"https:\/\/www.axiom-genetics.com\/es\/?s={search_term_string}"},"query-input":{"@type":"PropertyValueSpecification","valueRequired":true,"valueName":"search_term_string"}}],"inLanguage":"es"},{"@type":"Organization","@id":"https:\/\/www.axiom-genetics.com\/es\/#organization","name":"Axiom","url":"https:\/\/www.axiom-genetics.com\/es\/","logo":{"@type":"ImageObject","inLanguage":"es","@id":"https:\/\/www.axiom-genetics.com\/es\/#\/schema\/logo\/image\/","url":"https:\/\/www.axiom-genetics.com\/wp-content\/uploads\/2025\/11\/SB_CMJN.png","contentUrl":"https:\/\/www.axiom-genetics.com\/wp-content\/uploads\/2025\/11\/SB_CMJN.png","width":5841,"height":2332,"caption":"Axiom"},"image":{"@id":"https:\/\/www.axiom-genetics.com\/es\/#\/schema\/logo\/image\/"},"sameAs":["https:\/\/www.facebook.com\/p\/Axiom-France-100064379400783\/","https:\/\/www.linkedin.com\/company\/18675597","https:\/\/www.instagram.com\/axiomfrance","https:\/\/www.youtube.com\/@Axiom-global"]}]}},"_links":{"self":[{"href":"https:\/\/www.axiom-genetics.com\/es\/wp-json\/wp\/v2\/pages\/5072","targetHints":{"allow":["GET"]}}],"collection":[{"href":"https:\/\/www.axiom-genetics.com\/es\/wp-json\/wp\/v2\/pages"}],"about":[{"href":"https:\/\/www.axiom-genetics.com\/es\/wp-json\/wp\/v2\/types\/page"}],"author":[{"embeddable":true,"href":"https:\/\/www.axiom-genetics.com\/es\/wp-json\/wp\/v2\/users\/1"}],"replies":[{"embeddable":true,"href":"https:\/\/www.axiom-genetics.com\/es\/wp-json\/wp\/v2\/comments?post=5072"}],"version-history":[{"count":4,"href":"https:\/\/www.axiom-genetics.com\/es\/wp-json\/wp\/v2\/pages\/5072\/revisions"}],"predecessor-version":[{"id":5628,"href":"https:\/\/www.axiom-genetics.com\/es\/wp-json\/wp\/v2\/pages\/5072\/revisions\/5628"}],"up":[{"embeddable":true,"href":"https:\/\/www.axiom-genetics.com\/es\/wp-json\/wp\/v2\/pages\/4856"}],"wp:attachment":[{"href":"https:\/\/www.axiom-genetics.com\/es\/wp-json\/wp\/v2\/media?parent=5072"}],"wp:term":[{"taxonomy":"dipi_cpt_category","embeddable":true,"href":"https:\/\/www.axiom-genetics.com\/es\/wp-json\/wp\/v2\/dipi_cpt_category?post=5072"}],"curies":[{"name":"wp","href":"https:\/\/api.w.org\/{rel}","templated":true}]}}