{"id":5270,"date":"2025-07-23T17:41:47","date_gmt":"2025-07-23T15:41:47","guid":{"rendered":"https:\/\/www.axiom-genetics.com\/nous-contacter\/"},"modified":"2026-03-17T10:42:01","modified_gmt":"2026-03-17T09:42:01","slug":"%e8%81%94%e7%b3%bb%e6%88%91%e4%bb%ac","status":"publish","type":"page","link":"https:\/\/www.axiom-genetics.com\/zh-hans\/%e8%81%94%e7%b3%bb%e6%88%91%e4%bb%ac\/","title":{"rendered":"\u8054\u7cfb\u6211\u4eec"},"content":{"rendered":"<p>[et_pb_section fb_built=&#8221;1&#8243; _builder_version=&#8221;4.27.4&#8243; _module_preset=&#8221;default&#8221; background_image=&#8221;https:\/\/www.axiom-genetics.com\/wp-content\/uploads\/2025\/07\/fond_header.svg&#8221; background_position=&#8221;bottom_center&#8221; saved_tabs=&#8221;all&#8221; global_colors_info=&#8221;{%22gcid-secondary-color%22:%91%22background_color_gradient_stops%22%93}&#8221;][et_pb_row _builder_version=&#8221;4.27.4&#8243; _module_preset=&#8221;default&#8221; global_colors_info=&#8221;{}&#8221;][et_pb_column type=&#8221;4_4&#8243; _builder_version=&#8221;4.27.4&#8243; _module_preset=&#8221;default&#8221; global_colors_info=&#8221;{}&#8221;][et_pb_heading title=&#8221;@ET-DC@eyJkeW5hbWljIjp0cnVlLCJjb250ZW50IjoicG9zdF90aXRsZSIsInNldHRpbmdzIjp7ImJlZm9yZSI6IiIsImFmdGVyIjoiIn19@&#8221; _builder_version=&#8221;4.27.4&#8243; _dynamic_attributes=&#8221;title&#8221; _module_preset=&#8221;29094351-045e-4e89-9a21-3b6bfe38ce22&#8243; title_text_align=&#8221;center&#8221; title_text_color=&#8221;#FFFFFF&#8221; title_font_size=&#8221;45px&#8221; custom_margin=&#8221;||10px||false|false&#8221; custom_padding=&#8221;||||false|false&#8221; global_colors_info=&#8221;{}&#8221;][\/et_pb_heading][et_pb_image src=&#8221;https:\/\/www.axiom-genetics.com\/wp-content\/uploads\/2025\/07\/separateur_3d.svg&#8221; align=&#8221;center&#8221; _builder_version=&#8221;4.27.4&#8243; _module_preset=&#8221;default&#8221; width=&#8221;100%&#8221; max_width=&#8221;100px&#8221; scroll_vertical_motion_enable=&#8221;on&#8221; scroll_vertical_motion=&#8221;0|60|60|100|0|0|0.5&#8243; scroll_vertical_motion_tablet=&#8221;0|50|50|100|-0.5|-0.5|0.5&#8243; scroll_vertical_motion_phone=&#8221;&#8221; scroll_vertical_motion_last_edited=&#8221;on|tablet&#8221; global_colors_info=&#8221;{}&#8221;][\/et_pb_image][\/et_pb_column][\/et_pb_row][\/et_pb_section][et_pb_section fb_built=&#8221;1&#8243; specialty=&#8221;on&#8221; background_color_2=&#8221;gcid-heading-color&#8221; padding_top_2=&#8221;40px&#8221; padding_right_2=&#8221;3%&#8221; padding_bottom_2=&#8221;40px&#8221; padding_left_2=&#8221;3%&#8221; padding_top_bottom_link_2=&#8221;true&#8221; padding_left_right_link_2=&#8221;true&#8221; _builder_version=&#8221;4.27.4&#8243; _module_preset=&#8221;default&#8221; custom_padding=&#8221;40px||||false|false&#8221; global_colors_info=&#8221;{%22gcid-heading-color%22:%91%22background_color_2%22%93}&#8221;][et_pb_column type=&#8221;2_3&#8243; specialty_columns=&#8221;2&#8243; _builder_version=&#8221;4.16&#8243; custom_padding=&#8221;|||&#8221; global_colors_info=&#8221;{}&#8221; custom_padding__hover=&#8221;|||&#8221;][et_pb_row_inner _builder_version=&#8221;4.27.4&#8243; _module_preset=&#8221;default&#8221; custom_padding=&#8221;0px||0px||false|false&#8221; global_colors_info=&#8221;{}&#8221;][et_pb_column_inner saved_specialty_column_type=&#8221;2_3&#8243; _builder_version=&#8221;4.27.4&#8243; _module_preset=&#8221;default&#8221; global_colors_info=&#8221;{}&#8221;][et_pb_heading title=&#8221;\u67e5\u627e\u60a8\u7684\u9500\u552e\u8054\u7cfb\u4eba&#8221; _builder_version=&#8221;4.27.4&#8243; _module_preset=&#8221;629a06f7-cfce-4f03-ba4f-ba9efb896ce0&#8243; title_line_height=&#8221;1.1em&#8221; global_colors_info=&#8221;{}&#8221;][\/et_pb_heading][\/et_pb_column_inner][\/et_pb_row_inner][et_pb_row_inner column_structure=&#8221;1_2,1_2&#8243; _builder_version=&#8221;4.27.4&#8243; _module_preset=&#8221;default&#8221; custom_padding=&#8221;31px||0px|||&#8221; global_colors_info=&#8221;{}&#8221;][et_pb_column_inner type=&#8221;1_2&#8243; saved_specialty_column_type=&#8221;2_3&#8243; disabled_on=&#8221;on|on|on&#8221; _builder_version=&#8221;4.27.4&#8243; _module_preset=&#8221;default&#8221; custom_css_main_element=&#8221;margin-bottom: 0px;&#8221; disabled=&#8221;on&#8221; global_colors_info=&#8221;{}&#8221;][et_pb_text _builder_version=&#8221;4.27.4&#8243; _module_preset=&#8221;a3c92a52-002e-4817-b07f-e1b0553a7cc3&#8243; custom_margin=&#8221;||0px||false|false&#8221; global_colors_info=&#8221;{}&#8221;]<\/p>\n<p>\u5728\u6cd5\u56fd<\/p>\n<p>[\/et_pb_text][et_pb_code _builder_version=&#8221;4.27.4&#8243; _module_preset=&#8221;default&#8221; custom_margin_tablet=&#8221;||5px||false|false&#8221; custom_margin_phone=&#8221;||5px||false|false&#8221; custom_margin_last_edited=&#8221;on|phone&#8221; global_colors_info=&#8221;{}&#8221;]<div class=\"wpgb-facet wpgb-loading wpgb-facet-4 wpgb-style-1\" data-facet=\"4\" data-grid=\"8\"><\/div>[\/et_pb_code][\/et_pb_column_inner][et_pb_column_inner type=&#8221;1_2&#8243; saved_specialty_column_type=&#8221;2_3&#8243; _builder_version=&#8221;4.27.4&#8243; _module_preset=&#8221;default&#8221; global_colors_info=&#8221;{}&#8221;][et_pb_text disabled_on=&#8221;on|on|on&#8221; _builder_version=&#8221;4.27.4&#8243; _module_preset=&#8221;a3c92a52-002e-4817-b07f-e1b0553a7cc3&#8243; custom_margin=&#8221;||0px||false|false&#8221; disabled=&#8221;on&#8221; global_colors_info=&#8221;{}&#8221;]<\/p>\n<p>\u56fd\u9645\u4e0a<\/p>\n<p>[\/et_pb_text][et_pb_code _builder_version=&#8221;4.27.4&#8243; _module_preset=&#8221;default&#8221; global_colors_info=&#8221;{}&#8221;]<div class=\"wpgb-facet wpgb-loading wpgb-facet-3 wpgb-style-1\" data-facet=\"3\" data-grid=\"8\">\t<fieldset>\n\t\t<legend class=\"wpgb-facet-title wpgb-sr-only\">recherche-pays<\/legend>\n\t\t<div class=\"wpgb-autocomplete-facet\"><label>\n\t\t\t\t<span class=\"wpgb-sr-only\">Search content<\/span>\n\t\t\t\t<input class=\"wpgb-input\" type=\"search\" name=\"recherche\" placeholder=\"\u56fd\u5bb6\" value=\"\" autocomplete=\"off\">\n\t\t\t\t<svg class=\"wpgb-input-icon\" viewBox=\"0 0 24 24\" height=\"16\" width=\"16\" aria-hidden=\"true\" focusable=\"false\"><path d=\"M17.5 17.5 23 23Zm-16-7a9 9 0 1 1 9 9 9 9 0 0 1-9-9Z\"\/><\/svg>\n\t\t\t<\/label><\/div>\t<\/fieldset>\n\t<\/div>[\/et_pb_code][\/et_pb_column_inner][\/et_pb_row_inner][et_pb_row_inner disabled_on=&#8221;off|off|off&#8221; _builder_version=&#8221;4.27.4&#8243; _module_preset=&#8221;default&#8221; custom_padding=&#8221;10px||||false|false&#8221; global_colors_info=&#8221;{}&#8221;][et_pb_column_inner saved_specialty_column_type=&#8221;2_3&#8243; _builder_version=&#8221;4.27.4&#8243; _module_preset=&#8221;default&#8221; custom_padding=&#8221;0px||||false|false&#8221; global_colors_info=&#8221;{}&#8221;][et_pb_code _builder_version=&#8221;4.27.4&#8243; _module_preset=&#8221;default&#8221; global_colors_info=&#8221;{}&#8221;]<!-- Gridbuilder \u1d42\u1d3e Plugin (https:\/\/wpgridbuilder.com) -->\n<div class=\"wp-grid-builder wpgb-grid-8\" data-options=\"{&quot;id&quot;:8,&quot;type&quot;:&quot;masonry&quot;,&quot;source&quot;:&quot;post_type&quot;,&quot;loader&quot;:false,&quot;layout&quot;:&quot;vertical&quot;,&quot;reveal&quot;:0,&quot;isMainQuery&quot;:0,&quot;lazyLoad&quot;:false,&quot;cardSizes&quot;:{&quot;9999&quot;:{&quot;columns&quot;:1,&quot;height&quot;:240,&quot;gutter&quot;:25,&quot;ratio&quot;:&quot;1.33333&quot;},&quot;1280&quot;:{&quot;columns&quot;:1,&quot;height&quot;:220,&quot;gutter&quot;:25,&quot;ratio&quot;:&quot;1.33333&quot;},&quot;1024&quot;:{&quot;columns&quot;:1,&quot;height&quot;:200,&quot;gutter&quot;:16,&quot;ratio&quot;:&quot;1.33333&quot;},&quot;640&quot;:{&quot;columns&quot;:1,&quot;height&quot;:200,&quot;gutter&quot;:16,&quot;ratio&quot;:&quot;1.33333&quot;}},&quot;fitRows&quot;:false,&quot;equalRows&quot;:0,&quot;equalColumns&quot;:false,&quot;fillLastRow&quot;:0,&quot;centerLastRow&quot;:0,&quot;horizontalOrder&quot;:false,&quot;fullWidth&quot;:false,&quot;transitionDelay&quot;:100,&quot;gallerySlideshow&quot;:false,&quot;rowsNumber&quot;:1,&quot;slideAlign&quot;:&quot;left&quot;,&quot;groupCells&quot;:1,&quot;draggable&quot;:true,&quot;initialIndex&quot;:0,&quot;contain&quot;:false,&quot;freeScroll&quot;:false,&quot;freeFriction&quot;:&quot;0.075&quot;,&quot;friction&quot;:&quot;0.285&quot;,&quot;attraction&quot;:&quot;0.025&quot;,&quot;autoPlay&quot;:0,&quot;pageDotAriaLabel&quot;:&quot;Page dot %d&quot;,&quot;isPreview&quot;:false,&quot;isGutenberg&quot;:false,&quot;rightToLeft&quot;:false}\"><div class=\"wpgb-svg-icons\" hidden>\n\t<svg viewBox=\"0 0 120 24\" width=\"0\" height=\"0\">\n\t<defs>\n        <polygon id=\"wpgb-star-svg\" points=\"12 2.5 15.1 8.8 22 9.8 17 14.6 18.2 21.5 12 18.3 5.8 21.5 7 14.6 2 9.8 8.9 8.8\"><\/polygon>\n    <\/defs>\n    <symbol id=\"wpgb-rating-stars-svg\">\n        <use xlink:href=\"#wpgb-star-svg\"><\/use>\n        <use xlink:href=\"#wpgb-star-svg\" x=\"24\"><\/use>\n        <use xlink:href=\"#wpgb-star-svg\" x=\"48\"><\/use>\n        <use xlink:href=\"#wpgb-star-svg\" x=\"72\"><\/use>\n        <use xlink:href=\"#wpgb-star-svg\" x=\"96\"><\/use>\n    <\/symbol>\n<\/svg>\n<\/div>\n<div class=\"wpgb-wrapper\">\n\t<div class=\"wpgb-main\">\n\t<div class=\"wpgb-layout\">\n\t<div class=\"wpgb-viewport\">\n\t\t<div class=\"wpgb-masonry\">\n\t\t\t<article class=\"wpgb-card wpgb-card-9 wpgb-post-6896\" data-col=\"1\" data-row=\"1\" data-format=\"standard\"><div class=\"wpgb-card-wrapper\"><div class=\"wpgb-card-inner\"><div class=\"wpgb-card-content wpgb-scheme-dark\"><div class=\"wpgb-card-body\"><div class=\"wpgb-block-1\"><p><\/p>\n<p>\u641c\u7d22\u56fd\u5bb6\/\u5730\u533a\u4ee5\u67e5\u627e\u60a8\u7684 Axiom \u4e1a\u52a1\u8054\u7cfb\u4eba<\/p>\n<p><\/p><\/div><\/div><\/div><\/div><\/div><\/article>\t\t<\/div>\n\t<\/div>\n\t<\/div>\n\t<\/div>\n\t\t<\/div>\n<\/div>\n[\/et_pb_code][\/et_pb_column_inner][\/et_pb_row_inner][\/et_pb_column][et_pb_column type=&#8221;1_3&#8243; _builder_version=&#8221;4.16&#8243; custom_padding=&#8221;|||&#8221; global_colors_info=&#8221;{}&#8221; custom_padding__hover=&#8221;|||&#8221;][et_pb_heading title=&#8221;\u8054\u7cfb\u6211\u4eec&#8221; _builder_version=&#8221;4.27.4&#8243; _module_preset=&#8221;629a06f7-cfce-4f03-ba4f-ba9efb896ce0&#8243; title_text_color=&#8221;#FFFFFF&#8221; title_line_height=&#8221;1.1em&#8221; global_colors_info=&#8221;{}&#8221;][\/et_pb_heading][et_pb_text _builder_version=&#8221;4.27.4&#8243; _module_preset=&#8221;a3c92a52-002e-4817-b07f-e1b0553a7cc3&#8243; text_text_color=&#8221;#FFFFFF&#8221; global_colors_info=&#8221;{}&#8221;]\u60a8\u7684\u8981\u6c42\u662f\u4ec0\u4e48\uff1f[\/et_pb_text][et_pb_contact_form captcha=&#8221;off&#8221; email=&#8221;communication@axiom-genetics.com&#8221; custom_message=&#8221;Vous avez un nouveau message depuis le formulaire de la page contact du site web : ||et_pb_line_break_holder||%%message%%||et_pb_line_break_holder||||et_pb_line_break_holder||coordonn\u00e9es :||et_pb_line_break_holder||%%name%%||et_pb_line_break_holder||%%email%%||et_pb_line_break_holder||%%telephone%%||et_pb_line_break_holder||%%societe%%&#8221; submit_button_text=&#8221;\u53d1\u9001&#8221; _builder_version=&#8221;4.27.4&#8243; _module_preset=&#8221;default&#8221; _unique_id=&#8221;157eefa5-7550-4baa-aed0-1d648886cb54&#8243; hover_enabled=&#8221;0&#8243; global_colors_info=&#8221;{}&#8221; sticky_enabled=&#8221;0&#8243;][et_pb_contact_field field_id=&#8221;Name&#8221; field_title=&#8221;\u540d\u5b57\u548c\u59d3\u6c0f&#8221; fullwidth_field=&#8221;on&#8221; _builder_version=&#8221;4.27.4&#8243; global_colors_info=&#8221;{}&#8221; button_text_size__hover_enabled=&#8221;off&#8221; button_one_text_size__hover_enabled=&#8221;off&#8221; button_two_text_size__hover_enabled=&#8221;off&#8221; button_text_color__hover_enabled=&#8221;off&#8221; button_one_text_color__hover_enabled=&#8221;off&#8221; button_two_text_color__hover_enabled=&#8221;off&#8221; button_border_width__hover_enabled=&#8221;off&#8221; button_one_border_width__hover_enabled=&#8221;off&#8221; button_two_border_width__hover_enabled=&#8221;off&#8221; button_border_color__hover_enabled=&#8221;off&#8221; button_one_border_color__hover_enabled=&#8221;off&#8221; button_two_border_color__hover_enabled=&#8221;off&#8221; button_border_radius__hover_enabled=&#8221;off&#8221; button_one_border_radius__hover_enabled=&#8221;off&#8221; button_two_border_radius__hover_enabled=&#8221;off&#8221; button_letter_spacing__hover_enabled=&#8221;off&#8221; button_one_letter_spacing__hover_enabled=&#8221;off&#8221; button_two_letter_spacing__hover_enabled=&#8221;off&#8221; button_bg_color__hover_enabled=&#8221;off&#8221; button_one_bg_color__hover_enabled=&#8221;off&#8221; button_two_bg_color__hover_enabled=&#8221;off&#8221;][\/et_pb_contact_field][et_pb_contact_field field_id=&#8221;Email&#8221; field_title=&#8221;\u7535\u5b50\u90ae\u4ef6&#8221; field_type=&#8221;email&#8221; fullwidth_field=&#8221;on&#8221; _builder_version=&#8221;4.27.4&#8243; global_colors_info=&#8221;{}&#8221; button_text_size__hover_enabled=&#8221;off&#8221; button_one_text_size__hover_enabled=&#8221;off&#8221; button_two_text_size__hover_enabled=&#8221;off&#8221; button_text_color__hover_enabled=&#8221;off&#8221; button_one_text_color__hover_enabled=&#8221;off&#8221; button_two_text_color__hover_enabled=&#8221;off&#8221; button_border_width__hover_enabled=&#8221;off&#8221; button_one_border_width__hover_enabled=&#8221;off&#8221; button_two_border_width__hover_enabled=&#8221;off&#8221; button_border_color__hover_enabled=&#8221;off&#8221; button_one_border_color__hover_enabled=&#8221;off&#8221; button_two_border_color__hover_enabled=&#8221;off&#8221; button_border_radius__hover_enabled=&#8221;off&#8221; button_one_border_radius__hover_enabled=&#8221;off&#8221; button_two_border_radius__hover_enabled=&#8221;off&#8221; button_letter_spacing__hover_enabled=&#8221;off&#8221; button_one_letter_spacing__hover_enabled=&#8221;off&#8221; button_two_letter_spacing__hover_enabled=&#8221;off&#8221; button_bg_color__hover_enabled=&#8221;off&#8221; button_one_bg_color__hover_enabled=&#8221;off&#8221; button_two_bg_color__hover_enabled=&#8221;off&#8221;][\/et_pb_contact_field][et_pb_contact_field field_id=&#8221;telephone&#8221; field_title=&#8221;\u7535\u8bdd&#8221; fullwidth_field=&#8221;on&#8221; _builder_version=&#8221;4.27.4&#8243; _module_preset=&#8221;default&#8221; global_colors_info=&#8221;{}&#8221;][\/et_pb_contact_field][et_pb_contact_field field_id=&#8221;societe&#8221; field_title=&#8221;\u60a8\u7684\u516c\u53f8&#8221; fullwidth_field=&#8221;on&#8221; _builder_version=&#8221;4.27.4&#8243; _module_preset=&#8221;default&#8221; global_colors_info=&#8221;{}&#8221;][\/et_pb_contact_field][et_pb_contact_field field_id=&#8221;Message&#8221; field_title=&#8221;\u4fe1\u606f&#8221; field_type=&#8221;text&#8221; fullwidth_field=&#8221;on&#8221; _builder_version=&#8221;4.27.4&#8243; global_colors_info=&#8221;{}&#8221; button_text_size__hover_enabled=&#8221;off&#8221; button_one_text_size__hover_enabled=&#8221;off&#8221; button_two_text_size__hover_enabled=&#8221;off&#8221; button_text_color__hover_enabled=&#8221;off&#8221; button_one_text_color__hover_enabled=&#8221;off&#8221; button_two_text_color__hover_enabled=&#8221;off&#8221; button_border_width__hover_enabled=&#8221;off&#8221; button_one_border_width__hover_enabled=&#8221;off&#8221; button_two_border_width__hover_enabled=&#8221;off&#8221; button_border_color__hover_enabled=&#8221;off&#8221; button_one_border_color__hover_enabled=&#8221;off&#8221; button_two_border_color__hover_enabled=&#8221;off&#8221; button_border_radius__hover_enabled=&#8221;off&#8221; button_one_border_radius__hover_enabled=&#8221;off&#8221; button_two_border_radius__hover_enabled=&#8221;off&#8221; button_letter_spacing__hover_enabled=&#8221;off&#8221; button_one_letter_spacing__hover_enabled=&#8221;off&#8221; button_two_letter_spacing__hover_enabled=&#8221;off&#8221; button_bg_color__hover_enabled=&#8221;off&#8221; button_one_bg_color__hover_enabled=&#8221;off&#8221; button_two_bg_color__hover_enabled=&#8221;off&#8221;][\/et_pb_contact_field][\/et_pb_contact_form][\/et_pb_column][\/et_pb_section]<\/p>\n","protected":false},"excerpt":{"rendered":"<p>[et_pb_section fb_built=&#8221;1&#8243; _builder_versio [&hellip;]<\/p>\n","protected":false},"author":1,"featured_media":0,"parent":0,"menu_order":0,"comment_status":"closed","ping_status":"closed","template":"","meta":{"_acf_changed":false,"_et_pb_use_builder":"on","_et_pb_old_content":"","_et_gb_content_width":"","footnotes":""},"dipi_cpt_category":[],"class_list":["post-5270","page","type-page","status-publish","hentry"],"acf":[],"yoast_head":"<!-- This site is optimized with the Yoast SEO plugin v25.5 - https:\/\/yoast.com\/wordpress\/plugins\/seo\/ -->\n<title>\u8054\u7cfb\u6211\u4eec - Axiom<\/title>\n<meta name=\"robots\" content=\"index, follow, max-snippet:-1, max-image-preview:large, max-video-preview:-1\" \/>\n<link rel=\"canonical\" href=\"https:\/\/www.axiom-genetics.com\/zh-hans\/%e8%81%94%e7%b3%bb%e6%88%91%e4%bb%ac\/\" \/>\n<meta property=\"og:locale\" content=\"zh_CN\" \/>\n<meta property=\"og:type\" content=\"article\" \/>\n<meta property=\"og:title\" content=\"\u8054\u7cfb\u6211\u4eec - Axiom\" \/>\n<meta property=\"og:description\" content=\"[et_pb_section fb_built=&#8221;1&#8243; _builder_versio [&hellip;]\" \/>\n<meta property=\"og:url\" content=\"https:\/\/www.axiom-genetics.com\/zh-hans\/%e8%81%94%e7%b3%bb%e6%88%91%e4%bb%ac\/\" \/>\n<meta property=\"og:site_name\" content=\"Axiom\" \/>\n<meta property=\"article:publisher\" content=\"https:\/\/www.facebook.com\/p\/Axiom-France-100064379400783\/\" \/>\n<meta property=\"article:modified_time\" content=\"2026-03-17T09:42:01+00:00\" \/>\n<meta name=\"twitter:card\" content=\"summary_large_image\" \/>\n<meta name=\"twitter:label1\" content=\"\u9884\u8ba1\u9605\u8bfb\u65f6\u95f4\" \/>\n\t<meta name=\"twitter:data1\" content=\"1 \u5206\" \/>\n<script type=\"application\/ld+json\" class=\"yoast-schema-graph\">{\"@context\":\"https:\/\/schema.org\",\"@graph\":[{\"@type\":\"WebPage\",\"@id\":\"https:\/\/www.axiom-genetics.com\/zh-hans\/%e8%81%94%e7%b3%bb%e6%88%91%e4%bb%ac\/\",\"url\":\"https:\/\/www.axiom-genetics.com\/zh-hans\/%e8%81%94%e7%b3%bb%e6%88%91%e4%bb%ac\/\",\"name\":\"\u8054\u7cfb\u6211\u4eec - Axiom\",\"isPartOf\":{\"@id\":\"https:\/\/www.axiom-genetics.com\/zh-hans\/#website\"},\"datePublished\":\"2025-07-23T15:41:47+00:00\",\"dateModified\":\"2026-03-17T09:42:01+00:00\",\"breadcrumb\":{\"@id\":\"https:\/\/www.axiom-genetics.com\/zh-hans\/%e8%81%94%e7%b3%bb%e6%88%91%e4%bb%ac\/#breadcrumb\"},\"inLanguage\":\"zh-Hans\",\"potentialAction\":[{\"@type\":\"ReadAction\",\"target\":[\"https:\/\/www.axiom-genetics.com\/zh-hans\/%e8%81%94%e7%b3%bb%e6%88%91%e4%bb%ac\/\"]}]},{\"@type\":\"BreadcrumbList\",\"@id\":\"https:\/\/www.axiom-genetics.com\/zh-hans\/%e8%81%94%e7%b3%bb%e6%88%91%e4%bb%ac\/#breadcrumb\",\"itemListElement\":[{\"@type\":\"ListItem\",\"position\":1,\"name\":\"Accueil\",\"item\":\"https:\/\/www.axiom-genetics.com\/zh-hans\/\"},{\"@type\":\"ListItem\",\"position\":2,\"name\":\"\u8054\u7cfb\u6211\u4eec\"}]},{\"@type\":\"WebSite\",\"@id\":\"https:\/\/www.axiom-genetics.com\/zh-hans\/#website\",\"url\":\"https:\/\/www.axiom-genetics.com\/zh-hans\/\",\"name\":\"Axiom\",\"description\":\"G\u00e9n\u00e9tique porcine fran\u00e7aise\",\"publisher\":{\"@id\":\"https:\/\/www.axiom-genetics.com\/zh-hans\/#organization\"},\"potentialAction\":[{\"@type\":\"SearchAction\",\"target\":{\"@type\":\"EntryPoint\",\"urlTemplate\":\"https:\/\/www.axiom-genetics.com\/zh-hans\/?s={search_term_string}\"},\"query-input\":{\"@type\":\"PropertyValueSpecification\",\"valueRequired\":true,\"valueName\":\"search_term_string\"}}],\"inLanguage\":\"zh-Hans\"},{\"@type\":\"Organization\",\"@id\":\"https:\/\/www.axiom-genetics.com\/zh-hans\/#organization\",\"name\":\"Axiom\",\"url\":\"https:\/\/www.axiom-genetics.com\/zh-hans\/\",\"logo\":{\"@type\":\"ImageObject\",\"inLanguage\":\"zh-Hans\",\"@id\":\"https:\/\/www.axiom-genetics.com\/zh-hans\/#\/schema\/logo\/image\/\",\"url\":\"https:\/\/www.axiom-genetics.com\/wp-content\/uploads\/2025\/11\/SB_CMJN.png\",\"contentUrl\":\"https:\/\/www.axiom-genetics.com\/wp-content\/uploads\/2025\/11\/SB_CMJN.png\",\"width\":5841,\"height\":2332,\"caption\":\"Axiom\"},\"image\":{\"@id\":\"https:\/\/www.axiom-genetics.com\/zh-hans\/#\/schema\/logo\/image\/\"},\"sameAs\":[\"https:\/\/www.facebook.com\/p\/Axiom-France-100064379400783\/\",\"https:\/\/www.linkedin.com\/company\/18675597\",\"https:\/\/www.instagram.com\/axiomfrance\",\"https:\/\/www.youtube.com\/@Axiom-global\"]}]}<\/script>\n<!-- \/ Yoast SEO plugin. -->","yoast_head_json":{"title":"\u8054\u7cfb\u6211\u4eec - Axiom","robots":{"index":"index","follow":"follow","max-snippet":"max-snippet:-1","max-image-preview":"max-image-preview:large","max-video-preview":"max-video-preview:-1"},"canonical":"https:\/\/www.axiom-genetics.com\/zh-hans\/%e8%81%94%e7%b3%bb%e6%88%91%e4%bb%ac\/","og_locale":"zh_CN","og_type":"article","og_title":"\u8054\u7cfb\u6211\u4eec - Axiom","og_description":"[et_pb_section fb_built=&#8221;1&#8243; _builder_versio [&hellip;]","og_url":"https:\/\/www.axiom-genetics.com\/zh-hans\/%e8%81%94%e7%b3%bb%e6%88%91%e4%bb%ac\/","og_site_name":"Axiom","article_publisher":"https:\/\/www.facebook.com\/p\/Axiom-France-100064379400783\/","article_modified_time":"2026-03-17T09:42:01+00:00","twitter_card":"summary_large_image","twitter_misc":{"\u9884\u8ba1\u9605\u8bfb\u65f6\u95f4":"1 \u5206"},"schema":{"@context":"https:\/\/schema.org","@graph":[{"@type":"WebPage","@id":"https:\/\/www.axiom-genetics.com\/zh-hans\/%e8%81%94%e7%b3%bb%e6%88%91%e4%bb%ac\/","url":"https:\/\/www.axiom-genetics.com\/zh-hans\/%e8%81%94%e7%b3%bb%e6%88%91%e4%bb%ac\/","name":"\u8054\u7cfb\u6211\u4eec - Axiom","isPartOf":{"@id":"https:\/\/www.axiom-genetics.com\/zh-hans\/#website"},"datePublished":"2025-07-23T15:41:47+00:00","dateModified":"2026-03-17T09:42:01+00:00","breadcrumb":{"@id":"https:\/\/www.axiom-genetics.com\/zh-hans\/%e8%81%94%e7%b3%bb%e6%88%91%e4%bb%ac\/#breadcrumb"},"inLanguage":"zh-Hans","potentialAction":[{"@type":"ReadAction","target":["https:\/\/www.axiom-genetics.com\/zh-hans\/%e8%81%94%e7%b3%bb%e6%88%91%e4%bb%ac\/"]}]},{"@type":"BreadcrumbList","@id":"https:\/\/www.axiom-genetics.com\/zh-hans\/%e8%81%94%e7%b3%bb%e6%88%91%e4%bb%ac\/#breadcrumb","itemListElement":[{"@type":"ListItem","position":1,"name":"Accueil","item":"https:\/\/www.axiom-genetics.com\/zh-hans\/"},{"@type":"ListItem","position":2,"name":"\u8054\u7cfb\u6211\u4eec"}]},{"@type":"WebSite","@id":"https:\/\/www.axiom-genetics.com\/zh-hans\/#website","url":"https:\/\/www.axiom-genetics.com\/zh-hans\/","name":"Axiom","description":"G\u00e9n\u00e9tique porcine fran\u00e7aise","publisher":{"@id":"https:\/\/www.axiom-genetics.com\/zh-hans\/#organization"},"potentialAction":[{"@type":"SearchAction","target":{"@type":"EntryPoint","urlTemplate":"https:\/\/www.axiom-genetics.com\/zh-hans\/?s={search_term_string}"},"query-input":{"@type":"PropertyValueSpecification","valueRequired":true,"valueName":"search_term_string"}}],"inLanguage":"zh-Hans"},{"@type":"Organization","@id":"https:\/\/www.axiom-genetics.com\/zh-hans\/#organization","name":"Axiom","url":"https:\/\/www.axiom-genetics.com\/zh-hans\/","logo":{"@type":"ImageObject","inLanguage":"zh-Hans","@id":"https:\/\/www.axiom-genetics.com\/zh-hans\/#\/schema\/logo\/image\/","url":"https:\/\/www.axiom-genetics.com\/wp-content\/uploads\/2025\/11\/SB_CMJN.png","contentUrl":"https:\/\/www.axiom-genetics.com\/wp-content\/uploads\/2025\/11\/SB_CMJN.png","width":5841,"height":2332,"caption":"Axiom"},"image":{"@id":"https:\/\/www.axiom-genetics.com\/zh-hans\/#\/schema\/logo\/image\/"},"sameAs":["https:\/\/www.facebook.com\/p\/Axiom-France-100064379400783\/","https:\/\/www.linkedin.com\/company\/18675597","https:\/\/www.instagram.com\/axiomfrance","https:\/\/www.youtube.com\/@Axiom-global"]}]}},"_links":{"self":[{"href":"https:\/\/www.axiom-genetics.com\/zh-hans\/wp-json\/wp\/v2\/pages\/5270","targetHints":{"allow":["GET"]}}],"collection":[{"href":"https:\/\/www.axiom-genetics.com\/zh-hans\/wp-json\/wp\/v2\/pages"}],"about":[{"href":"https:\/\/www.axiom-genetics.com\/zh-hans\/wp-json\/wp\/v2\/types\/page"}],"author":[{"embeddable":true,"href":"https:\/\/www.axiom-genetics.com\/zh-hans\/wp-json\/wp\/v2\/users\/1"}],"replies":[{"embeddable":true,"href":"https:\/\/www.axiom-genetics.com\/zh-hans\/wp-json\/wp\/v2\/comments?post=5270"}],"version-history":[{"count":7,"href":"https:\/\/www.axiom-genetics.com\/zh-hans\/wp-json\/wp\/v2\/pages\/5270\/revisions"}],"predecessor-version":[{"id":8015,"href":"https:\/\/www.axiom-genetics.com\/zh-hans\/wp-json\/wp\/v2\/pages\/5270\/revisions\/8015"}],"wp:attachment":[{"href":"https:\/\/www.axiom-genetics.com\/zh-hans\/wp-json\/wp\/v2\/media?parent=5270"}],"wp:term":[{"taxonomy":"dipi_cpt_category","embeddable":true,"href":"https:\/\/www.axiom-genetics.com\/zh-hans\/wp-json\/wp\/v2\/dipi_cpt_category?post=5270"}],"curies":[{"name":"wp","href":"https:\/\/api.w.org\/{rel}","templated":true}]}}